{"id":167,"date":"2022-05-16T15:42:05","date_gmt":"2022-05-16T15:42:05","guid":{"rendered":"https:\/\/xn--tauernhhenweg-omb.com\/?page_id=167"},"modified":"2025-05-13T10:29:19","modified_gmt":"2025-05-13T10:29:19","slug":"der-weg","status":"publish","type":"page","link":"https:\/\/xn--tauernhhenweg-omb.com\/?page_id=167","title":{"rendered":"Der Weg."},"content":{"rendered":"\n<h2 class=\"wp-block-heading has-light-green-cyan-color has-text-color\">HOCHALPIN.HERAUSFORDERND.INTENSIV.<\/h2>\n\n\n\n<figure class=\"wp-block-image size-large\"><img loading=\"lazy\" decoding=\"async\" width=\"1024\" height=\"735\" src=\"https:\/\/xn--tauernhhenweg-omb.com\/wp-content\/uploads\/2023\/07\/IVT_Karte-Verbandsgebiet-1024x735.jpg\" alt=\"\" class=\"wp-image-794\" srcset=\"https:\/\/xn--tauernhhenweg-omb.com\/wp-content\/uploads\/2023\/07\/IVT_Karte-Verbandsgebiet-1024x735.jpg 1024w, https:\/\/xn--tauernhhenweg-omb.com\/wp-content\/uploads\/2023\/07\/IVT_Karte-Verbandsgebiet-300x215.jpg 300w, https:\/\/xn--tauernhhenweg-omb.com\/wp-content\/uploads\/2023\/07\/IVT_Karte-Verbandsgebiet-768x551.jpg 768w, https:\/\/xn--tauernhhenweg-omb.com\/wp-content\/uploads\/2023\/07\/IVT_Karte-Verbandsgebiet.jpg 1179w\" sizes=\"auto, (max-width: 1024px) 100vw, 1024px\" \/><\/figure>\n\n\n\n<h2 class=\"wp-block-heading has-light-green-cyan-color has-text-color\">Weg.Begeistert.<\/h2>\n\n\n\n<p class=\"has-light-green-cyan-background-color has-background\"><strong>Im Schatten der Dreitausender<\/strong> wie S\u00e4uleck, Hochalmspitze, Ankogel, Hoher Sonnblick und Gro\u00dfglockner bietet der TAUERNH\u00d6HENWEG wie <strong>zahlreiche<\/strong> weitere <strong>H\u00f6henwege und Gratsteige<\/strong> im Gebiet ein Wegenetz, das bei Bergfreund*innen keinen Wunsch unerf\u00fcllt l\u00e4sst. Gletscher und beeindruckende Felsfomationen pr\u00e4gen das Bild. Seen und wilde B\u00e4che verhei\u00dfen eine <strong>fantastische M\u00e4rchenwelt<\/strong>. Gipfel legen ihren Bezwinger*innen die Welt zu F\u00fc\u00dfen. Sie <strong>verlangen<\/strong> denjenigen, die hier unterwegs sind, aber auch <strong>einiges ab<\/strong> &#8211; an bergsteigerischem K\u00f6nnen, an Materialbeherrschung, an Kondition.<\/p>\n\n\n\n<div style=\"height:25px\" aria-hidden=\"true\" class=\"wp-block-spacer\"><\/div>\n\n\n\n<h2 class=\"wp-block-heading has-cyan-bluish-gray-background-color has-background\">Info-Punkte am Weg.<\/h2>\n\n\n\n<p class=\"has-cyan-bluish-gray-background-color has-background\">Entlang der Hauptabschnitte des Tauernh\u00f6henwegs entstehen ab 2023 <strong>insgesamt 20 Wegepunkte<\/strong>. \u00dcber den <strong>QR-Code<\/strong> der dort angebrachten Schilder k\u00f6nnen Tourengeher*innen einfach <strong>Informationen zum Wegezustand \u00fcbermitteln<\/strong> und selbst <strong>ortsbezogen Informationen erhalten<\/strong>, etwa \u00fcber Wegalternativen, die n\u00e4chstgelegenen H\u00fctten oder \u00d6PNV-Haltestellen und Talorte, um beispielsweise eine Unterkunft zu suchen.<\/p>\n\n\n\n<div class=\"wp-block-buttons is-layout-flex wp-block-buttons-is-layout-flex\">\n<div class=\"wp-block-button\"><a class=\"wp-block-button__link has-black-color has-cyan-bluish-gray-background-color has-text-color has-background wp-element-button\" href=\"https:\/\/xn--tauernhhenweg-omb.com\/?page_id=541\">1: Glocknerhaus<\/a><\/div>\n\n\n\n<div class=\"wp-block-button\"><a class=\"wp-block-button__link has-black-color has-cyan-bluish-gray-background-color has-text-color has-background wp-element-button\" href=\"https:\/\/xn--tauernhhenweg-omb.com\/?page_id=558\">2: Untere Pfandlscharte<\/a><\/div>\n\n\n\n<div class=\"wp-block-button\"><a class=\"wp-block-button__link has-black-color has-cyan-bluish-gray-background-color has-text-color has-background wp-element-button\" href=\"https:\/\/xn--tauernhhenweg-omb.com\/?page_id=565\">3: Hochtor<\/a><\/div>\n\n\n\n<div class=\"wp-block-button\"><a class=\"wp-block-button__link has-black-color has-cyan-bluish-gray-background-color has-text-color has-background wp-element-button\" href=\"https:\/\/xn--tauernhhenweg-omb.com\/?page_id=593\">4: Untere Jausenscharte<\/a><\/div>\n\n\n\n<div class=\"wp-block-button\"><a class=\"wp-block-button__link has-black-color has-cyan-bluish-gray-background-color has-text-color has-background wp-element-button\" href=\"https:\/\/xn--tauernhhenweg-omb.com\/?page_id=600\">5: Goldzechscharte<\/a><\/div>\n\n\n\n<div class=\"wp-block-button\"><a class=\"wp-block-button__link has-black-color has-cyan-bluish-gray-background-color has-text-color has-background wp-element-button\" href=\"https:\/\/xn--tauernhhenweg-omb.com\/?page_id=614\">6: Hoher Sonnblick<\/a><\/div>\n\n\n\n<div class=\"wp-block-button\"><a class=\"wp-block-button__link has-black-color has-cyan-bluish-gray-background-color has-text-color has-background wp-element-button\" href=\"https:\/\/xn--tauernhhenweg-omb.com\/?page_id=636\">7: Fraganter Scharte<\/a><\/div>\n\n\n\n<div class=\"wp-block-button\"><a class=\"wp-block-button__link has-black-color has-cyan-bluish-gray-background-color has-text-color has-background wp-element-button\" href=\"https:\/\/xn--tauernhhenweg-omb.com\/?page_id=653\">8: Niedersachsenhaus<\/a><\/div>\n\n\n\n<div class=\"wp-block-button\"><a class=\"wp-block-button__link has-black-color has-cyan-bluish-gray-background-color has-text-color has-background wp-element-button\" href=\"https:\/\/xn--tauernhhenweg-omb.com\/?page_id=664\">9: Duisburger H\u00fctte<\/a><\/div>\n\n\n\n<div class=\"wp-block-button\"><a class=\"wp-block-button__link has-black-color has-cyan-bluish-gray-background-color has-text-color has-background wp-element-button\" href=\"https:\/\/xn--tauernhhenweg-omb.com\/?page_id=405\">10: Wei\u00dfgerber-Biwak<\/a><\/div>\n\n\n\n<div class=\"wp-block-button\"><a class=\"wp-block-button__link has-black-color has-cyan-bluish-gray-background-color has-text-color has-background wp-element-button\" href=\"https:\/\/xn--tauernhhenweg-omb.com\/?page_id=678\">11: Hagener H\u00fctte<\/a><\/div>\n\n\n\n<div class=\"wp-block-button\"><a class=\"wp-block-button__link has-black-color has-cyan-bluish-gray-background-color has-text-color has-background wp-element-button\" href=\"https:\/\/xn--tauernhhenweg-omb.com\/?page_id=684\">12: Mindener H\u00fctte<\/a><\/div>\n\n\n\n<div class=\"wp-block-button\"><a class=\"wp-block-button__link has-black-color has-cyan-bluish-gray-background-color has-text-color has-background wp-element-button\" href=\"https:\/\/xn--tauernhhenweg-omb.com\/?page_id=691\">13: Unterm Sch\u00f6nbretterkopf<\/a><\/div>\n\n\n\n<div class=\"wp-block-button\"><a class=\"wp-block-button__link has-black-color has-cyan-bluish-gray-background-color has-text-color has-background wp-element-button\" href=\"https:\/\/xn--tauernhhenweg-omb.com\/?page_id=697\">14: Hannoverhaus<\/a><\/div>\n\n\n\n<div class=\"wp-block-button\"><a class=\"wp-block-button__link has-black-color has-cyan-bluish-gray-background-color has-text-color has-background wp-element-button\" href=\"https:\/\/xn--tauernhhenweg-omb.com\/?page_id=703\">15: Gro\u00dfelendscharte<\/a><\/div>\n\n\n\n<div class=\"wp-block-button\"><a class=\"wp-block-button__link has-black-color has-cyan-bluish-gray-background-color has-text-color has-background wp-element-button\" href=\"https:\/\/xn--tauernhhenweg-omb.com\/?page_id=709\">16: Fallboden<\/a><\/div>\n\n\n\n<div class=\"wp-block-button\"><a class=\"wp-block-button__link has-black-color has-cyan-bluish-gray-background-color has-text-color has-background wp-element-button\" href=\"https:\/\/xn--tauernhhenweg-omb.com\/?page_id=715\">17: Osnabr\u00fccker H\u00fctte<\/a><\/div>\n\n\n\n<div class=\"wp-block-button\"><a class=\"wp-block-button__link has-black-color has-cyan-bluish-gray-background-color has-text-color has-background wp-element-button\" href=\"https:\/\/xn--tauernhhenweg-omb.com\/?page_id=719\">18: Kleinelendbr\u00fccke<\/a><\/div>\n\n\n\n<div class=\"wp-block-button\"><a class=\"wp-block-button__link has-black-color has-cyan-bluish-gray-background-color has-text-color has-background wp-element-button\" href=\"https:\/\/xn--tauernhhenweg-omb.com\/?page_id=727\">19: Berghotel Malta<\/a><\/div>\n\n\n\n<div class=\"wp-block-button\"><a class=\"wp-block-button__link has-black-color has-cyan-bluish-gray-background-color has-text-color has-background wp-element-button\" href=\"https:\/\/xn--tauernhhenweg-omb.com\/?page_id=733\">20: Kattowitzer H\u00fctte<\/a><\/div>\n<\/div>\n\n\n\n<div style=\"height:25px\" aria-hidden=\"true\" class=\"wp-block-spacer\"><\/div>\n\n\n\n<figure class=\"wp-block-image size-large\"><img loading=\"lazy\" decoding=\"async\" width=\"1024\" height=\"666\" src=\"https:\/\/xn--tauernhhenweg-omb.com\/wp-content\/uploads\/2022\/06\/IVT_Der-THW_019ivt-1024x666.jpg\" alt=\"\" class=\"wp-image-401\" srcset=\"https:\/\/xn--tauernhhenweg-omb.com\/wp-content\/uploads\/2022\/06\/IVT_Der-THW_019ivt-1024x666.jpg 1024w, https:\/\/xn--tauernhhenweg-omb.com\/wp-content\/uploads\/2022\/06\/IVT_Der-THW_019ivt-300x195.jpg 300w, https:\/\/xn--tauernhhenweg-omb.com\/wp-content\/uploads\/2022\/06\/IVT_Der-THW_019ivt-768x499.jpg 768w, https:\/\/xn--tauernhhenweg-omb.com\/wp-content\/uploads\/2022\/06\/IVT_Der-THW_019ivt-1536x998.jpg 1536w, https:\/\/xn--tauernhhenweg-omb.com\/wp-content\/uploads\/2022\/06\/IVT_Der-THW_019ivt.jpg 1920w\" sizes=\"auto, (max-width: 1024px) 100vw, 1024px\" \/><\/figure>\n\n\n\n<h2 class=\"wp-block-heading has-light-green-cyan-background-color has-background\">Wegabschnitte nach Schwierigkeit.<\/h2>\n\n\n\n<div class=\"wp-block-buttons is-layout-flex wp-block-buttons-is-layout-flex\">\n<div class=\"wp-block-button\"><a class=\"wp-block-button__link has-vivid-cyan-blue-background-color has-background wp-element-button\">leicht<\/a><\/div>\n\n\n\n<div class=\"wp-block-button\"><a class=\"wp-block-button__link has-vivid-red-background-color has-background wp-element-button\">mittel<\/a><\/div>\n\n\n\n<div class=\"wp-block-button\"><a class=\"wp-block-button__link has-black-background-color has-background wp-element-button\">schwer<\/a><\/div>\n<\/div>\n\n\n\n<div style=\"height:25px\" aria-hidden=\"true\" class=\"wp-block-spacer\"><\/div>\n\n\n\n<figure class=\"wp-block-image size-large\"><img loading=\"lazy\" decoding=\"async\" width=\"1024\" height=\"683\" src=\"https:\/\/xn--tauernhhenweg-omb.com\/wp-content\/uploads\/2022\/05\/IVT_Der-THW_013fgp-1024x683.jpg\" alt=\"\" class=\"wp-image-357\" srcset=\"https:\/\/xn--tauernhhenweg-omb.com\/wp-content\/uploads\/2022\/05\/IVT_Der-THW_013fgp-1024x683.jpg 1024w, https:\/\/xn--tauernhhenweg-omb.com\/wp-content\/uploads\/2022\/05\/IVT_Der-THW_013fgp-300x200.jpg 300w, https:\/\/xn--tauernhhenweg-omb.com\/wp-content\/uploads\/2022\/05\/IVT_Der-THW_013fgp-768x512.jpg 768w, https:\/\/xn--tauernhhenweg-omb.com\/wp-content\/uploads\/2022\/05\/IVT_Der-THW_013fgp-1536x1024.jpg 1536w, https:\/\/xn--tauernhhenweg-omb.com\/wp-content\/uploads\/2022\/05\/IVT_Der-THW_013fgp-2048x1366.jpg 2048w, https:\/\/xn--tauernhhenweg-omb.com\/wp-content\/uploads\/2022\/05\/IVT_Der-THW_013fgp-2000x1334.jpg 2000w\" sizes=\"auto, (max-width: 1024px) 100vw, 1024px\" \/><\/figure>\n\n\n\n<h2 class=\"wp-block-heading has-cyan-bluish-gray-background-color has-background\">Wegabschnitte \u00fcber Heiligenblut.<em>     (Info-Punkte 1-6)<\/em><\/h2>\n\n\n\n<div class=\"wp-block-buttons is-layout-flex wp-block-buttons-is-layout-flex\">\n<div class=\"wp-block-button\"><a class=\"wp-block-button__link has-black-background-color has-background wp-element-button\" href=\"https:\/\/www.alpenvereinaktiv.com\/de\/tour\/02-zentralalpenweg-west-e08-wallackhaus-alpincenter-glocknerhaus\/22018195\/#dm=1\" target=\"_blank\" rel=\"noreferrer noopener\">Vom Glocknerhaus zum Hochtor<\/a><\/div>\n\n\n\n<div class=\"wp-block-button\"><a class=\"wp-block-button__link has-black-background-color has-background wp-element-button\" href=\"https:\/\/www.alpenvereinaktiv.com\/de\/tour\/klagenfurter-jubilaeumsweg-vom-hochtor-auf-den-hohen-sonnblick-3.106-m-\/14729288\/\" target=\"_blank\" rel=\"noreferrer noopener\">Vom Hochtor zum Zittelhaus<\/a><\/div>\n\n\n\n<div class=\"wp-block-button\"><a class=\"wp-block-button__link has-vivid-red-background-color has-background wp-element-button\" href=\"https:\/\/www.alpenvereinaktiv.com\/de\/tour\/uebergang-vom-zittelhaus-zur-rojacher-huette\/33419469\/\" target=\"_blank\" rel=\"noreferrer noopener\">Vom Zittelhaus zur Rojacher H\u00fctte<\/a><\/div>\n\n\n\n<div class=\"wp-block-button\"><a class=\"wp-block-button__link has-black-background-color has-background wp-element-button\" href=\"https:\/\/www.alpenvereinaktiv.com\/de\/tour\/heiligenblut-hoher-sonnblick-zittelhaus-duisburger-huette\/10741171\/\" target=\"_blank\" rel=\"noreferrer noopener\">Vom Zittelhaus zur Duisburger H\u00fctte<\/a><\/div>\n\n\n\n<div class=\"wp-block-button\"><a class=\"wp-block-button__link has-vivid-red-background-color has-background wp-element-button\" href=\"https:\/\/www.alpenvereinaktiv.com\/de\/tour\/uebergang-von-der-rojacher-huette-zur-duisburger-huette-niedere-scharte-\/33417941\/\" target=\"_blank\" rel=\"noreferrer noopener\">Von der Rojacher zur Duisburger h\u00fctte<\/a><\/div>\n<\/div>\n\n\n\n<div style=\"height:25px\" aria-hidden=\"true\" class=\"wp-block-spacer\"><\/div>\n\n\n\n<figure class=\"wp-block-image size-large\"><img loading=\"lazy\" decoding=\"async\" width=\"1024\" height=\"683\" src=\"https:\/\/xn--tauernhhenweg-omb.com\/wp-content\/uploads\/2022\/05\/IVT_Der-THW_018fgp-1024x683.jpg\" alt=\"\" class=\"wp-image-362\" srcset=\"https:\/\/xn--tauernhhenweg-omb.com\/wp-content\/uploads\/2022\/05\/IVT_Der-THW_018fgp-1024x683.jpg 1024w, https:\/\/xn--tauernhhenweg-omb.com\/wp-content\/uploads\/2022\/05\/IVT_Der-THW_018fgp-300x200.jpg 300w, https:\/\/xn--tauernhhenweg-omb.com\/wp-content\/uploads\/2022\/05\/IVT_Der-THW_018fgp-768x512.jpg 768w, https:\/\/xn--tauernhhenweg-omb.com\/wp-content\/uploads\/2022\/05\/IVT_Der-THW_018fgp-1536x1024.jpg 1536w, https:\/\/xn--tauernhhenweg-omb.com\/wp-content\/uploads\/2022\/05\/IVT_Der-THW_018fgp-2048x1366.jpg 2048w, https:\/\/xn--tauernhhenweg-omb.com\/wp-content\/uploads\/2022\/05\/IVT_Der-THW_018fgp-2000x1334.jpg 2000w\" sizes=\"auto, (max-width: 1024px) 100vw, 1024px\" \/><\/figure>\n\n\n\n<h2 class=\"wp-block-heading has-light-green-cyan-background-color has-background\">Wegabschnitte \u00fcbers M\u00f6lltal.<em>          (Info-Punkte 6-11)<\/em><\/h2>\n\n\n\n<div class=\"wp-block-buttons is-layout-flex wp-block-buttons-is-layout-flex\">\n<div class=\"wp-block-button\"><a class=\"wp-block-button__link has-vivid-red-background-color has-background wp-element-button\" href=\"https:\/\/www.alpenvereinaktiv.com\/de\/tour\/uebergang-duisburger-huette-zum-niedersachsenhaus\/36616021\/\" target=\"_blank\" rel=\"noreferrer noopener\">Von der Duisburger H\u00fctte zum Niedersachsenhaus<\/a><\/div>\n\n\n\n<div class=\"wp-block-button\"><a class=\"wp-block-button__link has-black-background-color has-background wp-element-button\" href=\"https:\/\/www.alpenvereinaktiv.com\/de\/tour\/zittelhaus-von-der-duisburger-huette-tauernhoehenweg-\/10237154\/\" target=\"_blank\" rel=\"noreferrer noopener\">Von der Duisburger H\u00fctte zum Zittelhaus<\/a><\/div>\n\n\n\n<div class=\"wp-block-button\"><a class=\"wp-block-button__link has-vivid-red-background-color has-background wp-element-button\" href=\"https:\/\/www.alpenvereinaktiv.com\/de\/tour\/sadnighaus-von-der-duisburger-huette\/10685328\/\" target=\"_blank\" rel=\"noreferrer noopener\">Von der Duisburger H\u00fctte zum Sadnighaus<\/a><\/div>\n\n\n\n<div class=\"wp-block-button\"><a class=\"wp-block-button__link has-vivid-red-background-color has-background wp-element-button\" href=\"https:\/\/www.alpenvereinaktiv.com\/de\/tour\/tauernhoehenweg-etappe-3-duisburger-huette-hagener-huette\/12904175\/\" target=\"_blank\" rel=\"noreferrer noopener\">Von der Duisburger zur Hagener H\u00fctte<\/a><\/div>\n<\/div>\n\n\n\n<div style=\"height:25px\" aria-hidden=\"true\" class=\"wp-block-spacer\"><\/div>\n\n\n\n<figure class=\"wp-block-image size-large\"><img loading=\"lazy\" decoding=\"async\" width=\"1024\" height=\"683\" src=\"https:\/\/xn--tauernhhenweg-omb.com\/wp-content\/uploads\/2022\/05\/IVT_Der-THW_015fgp-1024x683.jpg\" alt=\"\" class=\"wp-image-359\" srcset=\"https:\/\/xn--tauernhhenweg-omb.com\/wp-content\/uploads\/2022\/05\/IVT_Der-THW_015fgp-1024x683.jpg 1024w, https:\/\/xn--tauernhhenweg-omb.com\/wp-content\/uploads\/2022\/05\/IVT_Der-THW_015fgp-300x200.jpg 300w, https:\/\/xn--tauernhhenweg-omb.com\/wp-content\/uploads\/2022\/05\/IVT_Der-THW_015fgp-768x512.jpg 768w, https:\/\/xn--tauernhhenweg-omb.com\/wp-content\/uploads\/2022\/05\/IVT_Der-THW_015fgp-1536x1025.jpg 1536w, https:\/\/xn--tauernhhenweg-omb.com\/wp-content\/uploads\/2022\/05\/IVT_Der-THW_015fgp-2048x1366.jpg 2048w, https:\/\/xn--tauernhhenweg-omb.com\/wp-content\/uploads\/2022\/05\/IVT_Der-THW_015fgp-2000x1334.jpg 2000w\" sizes=\"auto, (max-width: 1024px) 100vw, 1024px\" \/><\/figure>\n\n\n\n<h2 class=\"wp-block-heading has-cyan-bluish-gray-background-color has-background\">Wegabschnitte \u00fcber Mallnitz.<em>          (Info-Punkte 10-15)<\/em><\/h2>\n\n\n\n<div class=\"wp-block-buttons is-layout-flex wp-block-buttons-is-layout-flex\">\n<div class=\"wp-block-button\"><a class=\"wp-block-button__link has-black-background-color has-background wp-element-button\" href=\"https:\/\/www.alpenvereinaktiv.com\/de\/tour\/tauernhoehenweg-etappe-4-hagener-huette-hannoverhaus\/12904176\/\" target=\"_blank\" rel=\"noreferrer noopener\">Von der Hagener \u00fcber die Mindener H\u00fctte zum Hannoverhaus<\/a><\/div>\n\n\n\n<div class=\"wp-block-button\"><a class=\"wp-block-button__link has-black-background-color has-background wp-element-button\" href=\"https:\/\/www.alpenvereinaktiv.com\/de\/tour\/westerfroelke-weg-ueber-boeseckhuette-2-3-tagestour-\/118626710\/\" target=\"_blank\" rel=\"noreferrer noopener\">Von der Hagener \u00fcber die B\u00f6seckh\u00fctte nach Mallnitz<\/a><\/div>\n\n\n\n<div class=\"wp-block-button\"><a class=\"wp-block-button__link has-black-background-color has-background wp-element-button\" href=\"https:\/\/www.alpenvereinaktiv.com\/de\/tour\/tauernhoehenweg-etappe-5-hannoverhaus-osnabruecker-huette\/12904178\/\" target=\"_blank\" rel=\"noreferrer noopener\">Vom Hannoverhaus zur Osnabr\u00fccker H\u00fctte<\/a><\/div>\n\n\n\n<div class=\"wp-block-button\"><a class=\"wp-block-button__link has-black-background-color has-background wp-element-button\" href=\"https:\/\/www.alpenvereinaktiv.com\/de\/tour\/uebergang-hanoverhaus-zur-giessener-huette\/37754536\/\" target=\"_blank\" rel=\"noreferrer noopener\">Vom Hannoverhaus \u00fcber die Celler zur Gie\u00dfener H\u00fctte<\/a><\/div>\n\n\n\n<div class=\"wp-block-button\"><a class=\"wp-block-button__link has-vivid-red-background-color has-background wp-element-button\" href=\"https:\/\/www.alpenvereinaktiv.com\/de\/tour\/uebergang-vom-arthur-von-schmid-haus-zur-giessener-huette-mallnitzer-scharte-\/33970196\/\" target=\"_blank\" rel=\"noreferrer noopener\">Vom Arthur-von-Schmid-Haus zur Gie\u00dfener H\u00fctte<\/a><\/div>\n<\/div>\n\n\n\n<div style=\"height:25px\" aria-hidden=\"true\" class=\"wp-block-spacer\"><\/div>\n\n\n\n<figure class=\"wp-block-image size-large\"><img loading=\"lazy\" decoding=\"async\" width=\"1024\" height=\"576\" src=\"https:\/\/xn--tauernhhenweg-omb.com\/wp-content\/uploads\/2022\/05\/IVT_Der-THW_014mc-1024x576.jpg\" alt=\"\" class=\"wp-image-358\" srcset=\"https:\/\/xn--tauernhhenweg-omb.com\/wp-content\/uploads\/2022\/05\/IVT_Der-THW_014mc-1024x576.jpg 1024w, https:\/\/xn--tauernhhenweg-omb.com\/wp-content\/uploads\/2022\/05\/IVT_Der-THW_014mc-300x169.jpg 300w, https:\/\/xn--tauernhhenweg-omb.com\/wp-content\/uploads\/2022\/05\/IVT_Der-THW_014mc-768x432.jpg 768w, https:\/\/xn--tauernhhenweg-omb.com\/wp-content\/uploads\/2022\/05\/IVT_Der-THW_014mc-1536x864.jpg 1536w, https:\/\/xn--tauernhhenweg-omb.com\/wp-content\/uploads\/2022\/05\/IVT_Der-THW_014mc-2048x1152.jpg 2048w, https:\/\/xn--tauernhhenweg-omb.com\/wp-content\/uploads\/2022\/05\/IVT_Der-THW_014mc-2000x1125.jpg 2000w\" sizes=\"auto, (max-width: 1024px) 100vw, 1024px\" \/><\/figure>\n\n\n\n<h2 class=\"wp-block-heading has-light-green-cyan-background-color has-background\">Wegabschnitte \u00fcbers Maltatal. <em>         (Info-Punkte 15-20)<\/em><\/h2>\n\n\n\n<div class=\"wp-block-buttons is-layout-flex wp-block-buttons-is-layout-flex\">\n<div class=\"wp-block-button\"><a class=\"wp-block-button__link has-vivid-red-background-color has-background wp-element-button\" href=\"https:\/\/www.alpenvereinaktiv.com\/de\/tour\/uebergang-osnabruecker-huette-zur-giessener-huette\/37734354\/\" target=\"_blank\" rel=\"noreferrer noopener\">Von der Osnabr\u00fccker zur Gie\u00dfener H\u00fctte<\/a><\/div>\n\n\n\n<div class=\"wp-block-button\"><a class=\"wp-block-button__link has-vivid-red-background-color has-background wp-element-button\" href=\"https:\/\/www.alpenvereinaktiv.com\/de\/tour\/tauernhoehenweg-etappe-6-osnabruecker-huette-kattowitzer-huette\/12904179\/\" target=\"_blank\" rel=\"noreferrer noopener\">Von der Osnabr\u00fccker zur Kattowitzer H\u00fctte<\/a><\/div>\n\n\n\n<div class=\"wp-block-button\"><a class=\"wp-block-button__link has-vivid-red-background-color has-background wp-element-button\" href=\"https:\/\/www.alpenvereinaktiv.com\/de\/tour\/uebergang-von-der-kattowitzer-huette-zur-gmuender-huette\/41883641\/\" target=\"_blank\" rel=\"noreferrer noopener\">Von der Kattowitzer zur Gm\u00fcnder H\u00fctte<\/a><\/div>\n\n\n\n<div class=\"wp-block-button\"><a class=\"wp-block-button__link has-vivid-red-background-color has-background wp-element-button\" href=\"https:\/\/www.alpenvereinaktiv.com\/de\/tour\/uebergang-von-der-gmuender-huette-auf-die-villacher-huette\/24146787\/\" target=\"_blank\" rel=\"noreferrer noopener\">Von der Gm\u00fcnder zur Villacher H\u00fctte<\/a><\/div>\n<\/div>\n\n\n\n<div style=\"height:25px\" aria-hidden=\"true\" class=\"wp-block-spacer\"><\/div>\n\n\n\n<figure class=\"wp-block-image size-large\"><img loading=\"lazy\" decoding=\"async\" width=\"1024\" height=\"683\" src=\"https:\/\/xn--tauernhhenweg-omb.com\/wp-content\/uploads\/2022\/05\/IVT_Der-THW_016fgp-1024x683.jpg\" alt=\"\" class=\"wp-image-360\" srcset=\"https:\/\/xn--tauernhhenweg-omb.com\/wp-content\/uploads\/2022\/05\/IVT_Der-THW_016fgp-1024x683.jpg 1024w, https:\/\/xn--tauernhhenweg-omb.com\/wp-content\/uploads\/2022\/05\/IVT_Der-THW_016fgp-300x200.jpg 300w, https:\/\/xn--tauernhhenweg-omb.com\/wp-content\/uploads\/2022\/05\/IVT_Der-THW_016fgp-768x512.jpg 768w, https:\/\/xn--tauernhhenweg-omb.com\/wp-content\/uploads\/2022\/05\/IVT_Der-THW_016fgp-1536x1024.jpg 1536w, https:\/\/xn--tauernhhenweg-omb.com\/wp-content\/uploads\/2022\/05\/IVT_Der-THW_016fgp-2048x1366.jpg 2048w, https:\/\/xn--tauernhhenweg-omb.com\/wp-content\/uploads\/2022\/05\/IVT_Der-THW_016fgp-2000x1334.jpg 2000w\" sizes=\"auto, (max-width: 1024px) 100vw, 1024px\" \/><\/figure>\n\n\n\n<h2 class=\"wp-block-heading has-cyan-bluish-gray-background-color has-background\">Wegabschnitte \u00fcber Obervellach.<\/h2>\n\n\n\n<div class=\"wp-block-buttons is-layout-flex wp-block-buttons-is-layout-flex\">\n<div class=\"wp-block-button\"><a class=\"wp-block-button__link has-black-background-color has-background wp-element-button\" href=\"https:\/\/www.alpenvereinaktiv.com\/de\/tour\/uebergang-von-der-reisseckhuette-zur-giessener-huette\/34275111\/\" target=\"_blank\" rel=\"noreferrer noopener\">Von der Reisseck- zur Gie\u00dfener H\u00fctte<\/a><\/div>\n\n\n\n<div class=\"wp-block-button\"><a class=\"wp-block-button__link has-black-background-color has-background wp-element-button\" href=\"https:\/\/www.alpenvereinaktiv.com\/de\/tour\/uebergang-von-der-reisseckhuette-zum-arthur-von-schmid-haus\/34157220\/\" target=\"_blank\" rel=\"noreferrer noopener\">Von der Reisseckh\u00fctte zum Arthur-von-Schmid-Haus<\/a><\/div>\n<\/div>\n\n\n\n<div style=\"height:25px\" aria-hidden=\"true\" class=\"wp-block-spacer\"><\/div>\n\n\n\n<figure class=\"wp-block-image size-large\"><img loading=\"lazy\" decoding=\"async\" width=\"1024\" height=\"683\" src=\"https:\/\/xn--tauernhhenweg-omb.com\/wp-content\/uploads\/2022\/05\/IVT_Der-THW_017fgp-1024x683.jpg\" alt=\"\" class=\"wp-image-361\" srcset=\"https:\/\/xn--tauernhhenweg-omb.com\/wp-content\/uploads\/2022\/05\/IVT_Der-THW_017fgp-1024x683.jpg 1024w, https:\/\/xn--tauernhhenweg-omb.com\/wp-content\/uploads\/2022\/05\/IVT_Der-THW_017fgp-300x200.jpg 300w, https:\/\/xn--tauernhhenweg-omb.com\/wp-content\/uploads\/2022\/05\/IVT_Der-THW_017fgp-768x512.jpg 768w, https:\/\/xn--tauernhhenweg-omb.com\/wp-content\/uploads\/2022\/05\/IVT_Der-THW_017fgp-1536x1024.jpg 1536w, https:\/\/xn--tauernhhenweg-omb.com\/wp-content\/uploads\/2022\/05\/IVT_Der-THW_017fgp-2048x1366.jpg 2048w, https:\/\/xn--tauernhhenweg-omb.com\/wp-content\/uploads\/2022\/05\/IVT_Der-THW_017fgp-2000x1334.jpg 2000w\" sizes=\"auto, (max-width: 1024px) 100vw, 1024px\" \/><\/figure>\n","protected":false},"excerpt":{"rendered":"<p>HOCHALPIN.HERAUSFORDERND.INTENSIV. Weg.Begeistert. Im Schatten der Dreitausender wie S\u00e4uleck, Hochalmspitze, Ankogel, Hoher Sonnblick und Gro\u00dfglockner bietet der TAUERNH\u00d6HENWEG wie zahlreiche weitere H\u00f6henwege und Gratsteige im Gebiet ein Wegenetz, das bei Bergfreund*innen keinen Wunsch unerf\u00fcllt l\u00e4sst. Gletscher und beeindruckende Felsfomationen pr\u00e4gen das Bild. Seen und wilde B\u00e4che verhei\u00dfen eine fantastische M\u00e4rchenwelt. Gipfel legen ihren Bezwinger*innen die Welt &hellip; <\/p>\n<p class=\"link-more\"><a href=\"https:\/\/xn--tauernhhenweg-omb.com\/?page_id=167\" class=\"more-link\">Mehr <span class=\"screen-reader-text\">\u00fcber &#8222;Der Weg.&#8220; <\/span>Lesen<\/a><\/p>\n","protected":false},"author":1,"featured_media":195,"parent":60,"menu_order":0,"comment_status":"closed","ping_status":"closed","template":"","meta":{"inspiro_hide_title":false,"footnotes":""},"class_list":["post-167","page","type-page","status-publish","has-post-thumbnail","hentry"],"_links":{"self":[{"href":"https:\/\/xn--tauernhhenweg-omb.com\/index.php?rest_route=\/wp\/v2\/pages\/167","targetHints":{"allow":["GET"]}}],"collection":[{"href":"https:\/\/xn--tauernhhenweg-omb.com\/index.php?rest_route=\/wp\/v2\/pages"}],"about":[{"href":"https:\/\/xn--tauernhhenweg-omb.com\/index.php?rest_route=\/wp\/v2\/types\/page"}],"author":[{"embeddable":true,"href":"https:\/\/xn--tauernhhenweg-omb.com\/index.php?rest_route=\/wp\/v2\/users\/1"}],"replies":[{"embeddable":true,"href":"https:\/\/xn--tauernhhenweg-omb.com\/index.php?rest_route=%2Fwp%2Fv2%2Fcomments&post=167"}],"version-history":[{"count":44,"href":"https:\/\/xn--tauernhhenweg-omb.com\/index.php?rest_route=\/wp\/v2\/pages\/167\/revisions"}],"predecessor-version":[{"id":1303,"href":"https:\/\/xn--tauernhhenweg-omb.com\/index.php?rest_route=\/wp\/v2\/pages\/167\/revisions\/1303"}],"up":[{"embeddable":true,"href":"https:\/\/xn--tauernhhenweg-omb.com\/index.php?rest_route=\/wp\/v2\/pages\/60"}],"wp:featuredmedia":[{"embeddable":true,"href":"https:\/\/xn--tauernhhenweg-omb.com\/index.php?rest_route=\/wp\/v2\/media\/195"}],"wp:attachment":[{"href":"https:\/\/xn--tauernhhenweg-omb.com\/index.php?rest_route=%2Fwp%2Fv2%2Fmedia&parent=167"}],"curies":[{"name":"wp","href":"https:\/\/api.w.org\/{rel}","templated":true}]}}