{"id":171,"date":"2022-05-16T15:43:15","date_gmt":"2022-05-16T15:43:15","guid":{"rendered":"https:\/\/xn--tauernhhenweg-omb.com\/?page_id=171"},"modified":"2025-05-13T12:00:37","modified_gmt":"2025-05-13T12:00:37","slug":"die-talorte","status":"publish","type":"page","link":"https:\/\/xn--tauernhhenweg-omb.com\/?page_id=171","title":{"rendered":"Die Talorte."},"content":{"rendered":"\n<h2 class=\"wp-block-heading has-light-green-cyan-color has-text-color\">ERHOLUNG.ENTSPANNEND.ERREICHBAR.<\/h2>\n\n\n\n<figure class=\"wp-block-image size-large\"><img loading=\"lazy\" decoding=\"async\" width=\"1024\" height=\"576\" src=\"https:\/\/xn--tauernhhenweg-omb.com\/wp-content\/uploads\/2022\/05\/IVT_Der-THW_006mc-1024x576.jpg\" alt=\"\" class=\"wp-image-200\" srcset=\"https:\/\/xn--tauernhhenweg-omb.com\/wp-content\/uploads\/2022\/05\/IVT_Der-THW_006mc-1024x576.jpg 1024w, https:\/\/xn--tauernhhenweg-omb.com\/wp-content\/uploads\/2022\/05\/IVT_Der-THW_006mc-300x169.jpg 300w, https:\/\/xn--tauernhhenweg-omb.com\/wp-content\/uploads\/2022\/05\/IVT_Der-THW_006mc-768x432.jpg 768w, https:\/\/xn--tauernhhenweg-omb.com\/wp-content\/uploads\/2022\/05\/IVT_Der-THW_006mc-1536x864.jpg 1536w, https:\/\/xn--tauernhhenweg-omb.com\/wp-content\/uploads\/2022\/05\/IVT_Der-THW_006mc-2048x1152.jpg 2048w, https:\/\/xn--tauernhhenweg-omb.com\/wp-content\/uploads\/2022\/05\/IVT_Der-THW_006mc-2000x1125.jpg 2000w\" sizes=\"auto, (max-width: 1024px) 100vw, 1024px\" \/><\/figure>\n\n\n\n<h2 class=\"wp-block-heading has-light-green-cyan-color has-text-color\">Tal.Begeistert.<\/h2>\n\n\n\n<p class=\"has-light-green-cyan-background-color has-background\">Sie sind zumeist Anfangs- und Endpunkt von Bergtouren auf dem TAUERNH\u00d6HENWEG, bieten Bergsteiger*innen, die im Gebiet unterwegs sein wollen,&nbsp;<strong>Zeit und Raum f\u00fcr die Tourenvorbereitung und die Erholung danach<\/strong>. Ihr Angebot reicht v<strong>on der Fr\u00fchst\u00fcckspension \u00fcber umfangreich ausgestattete Hotels bis hin zu komfortablen Ferienwohnungen<\/strong> und Appartements, die jedem Wunsch gerecht werden. In den G\u00e4steinformationen werden &#8222;Gipfelst\u00fcrmer*innen&#8220; ebenso gut beraten wie &#8222;Talforscher*innen&#8220; &#8211; von der richtigen Unterkunft bis zum richtigen Tourenprogramm w\u00e4hrend des gesamten Aufenthalts.<\/p>\n\n\n\n<figure class=\"wp-block-image size-large\"><img loading=\"lazy\" decoding=\"async\" width=\"1024\" height=\"576\" src=\"https:\/\/xn--tauernhhenweg-omb.com\/wp-content\/uploads\/2022\/05\/IVT_Der-THW_011mc-1024x576.jpg\" alt=\"\" class=\"wp-image-351\" srcset=\"https:\/\/xn--tauernhhenweg-omb.com\/wp-content\/uploads\/2022\/05\/IVT_Der-THW_011mc-1024x576.jpg 1024w, https:\/\/xn--tauernhhenweg-omb.com\/wp-content\/uploads\/2022\/05\/IVT_Der-THW_011mc-300x169.jpg 300w, https:\/\/xn--tauernhhenweg-omb.com\/wp-content\/uploads\/2022\/05\/IVT_Der-THW_011mc-768x432.jpg 768w, https:\/\/xn--tauernhhenweg-omb.com\/wp-content\/uploads\/2022\/05\/IVT_Der-THW_011mc-1536x864.jpg 1536w, https:\/\/xn--tauernhhenweg-omb.com\/wp-content\/uploads\/2022\/05\/IVT_Der-THW_011mc-2048x1152.jpg 2048w, https:\/\/xn--tauernhhenweg-omb.com\/wp-content\/uploads\/2022\/05\/IVT_Der-THW_011mc-2000x1125.jpg 2000w\" sizes=\"auto, (max-width: 1024px) 100vw, 1024px\" \/><\/figure>\n\n\n\n<h2 class=\"wp-block-heading has-light-green-cyan-background-color has-background\">Die Talorte am Tauernh\u00f6henweg.<\/h2>\n\n\n\n<div class=\"wp-block-buttons is-layout-flex wp-block-buttons-is-layout-flex\">\n<div class=\"wp-block-button\"><a class=\"wp-block-button__link has-black-color has-light-green-cyan-background-color has-text-color has-background wp-element-button\" href=\"https:\/\/www.kaernten.at\/reiseziele\/orte\/heiligenblut\/\" target=\"_blank\" rel=\"noreferrer noopener\">Heiligenblut<\/a><\/div>\n\n\n\n<div class=\"wp-block-button\"><a class=\"wp-block-button__link has-black-color has-light-green-cyan-background-color has-text-color has-background wp-element-button\" href=\"https:\/\/www.kaernten.at\/reiseziele\/orte\/grosskirchheim\/\" target=\"_blank\" rel=\"noreferrer noopener\">Gro\u00dfkirchheim<\/a><\/div>\n\n\n\n<div class=\"wp-block-button\"><a class=\"wp-block-button__link has-black-color has-light-green-cyan-background-color has-text-color has-background wp-element-button\" href=\"https:\/\/www.kaernten.at\/reiseziele\/orte\/flattach\/\" target=\"_blank\" rel=\"noreferrer noopener\">Flattach<\/a><\/div>\n\n\n\n<div class=\"wp-block-button\"><a class=\"wp-block-button__link has-black-color has-light-green-cyan-background-color has-text-color has-background wp-element-button\" href=\"https:\/\/www.kaernten.at\/reiseziele\/orte\/mallnitz\/\" target=\"_blank\" rel=\"noreferrer noopener\">Mallnitz<\/a><\/div>\n\n\n\n<div class=\"wp-block-button\"><a class=\"wp-block-button__link has-black-color has-light-green-cyan-background-color has-text-color has-background wp-element-button\" href=\"https:\/\/www.kaernten.at\/reiseziele\/orte\/obervellach\/\" target=\"_blank\" rel=\"noreferrer noopener\">Obervellach<\/a><\/div>\n\n\n\n<div class=\"wp-block-button\"><a class=\"wp-block-button__link has-black-color has-light-green-cyan-background-color has-text-color has-background wp-element-button\" href=\"https:\/\/www.kaernten.at\/reiseziele\/sommer\/katschberg\/lieser-und-maltatal\/\" target=\"_blank\" rel=\"noreferrer noopener\">Maltatal<\/a><\/div>\n\n\n\n<div class=\"wp-block-button\"><a class=\"wp-block-button__link has-black-color has-light-green-cyan-background-color has-text-color has-background wp-element-button\" href=\"https:\/\/www.gastein.com\/\" target=\"_blank\" rel=\"noreferrer noopener\">Bad Gastein<\/a><\/div>\n\n\n\n<div class=\"wp-block-button\"><a class=\"wp-block-button__link has-black-color has-light-green-cyan-background-color has-text-color has-background wp-element-button\" href=\"https:\/\/www.raurisertal.at\/de\" target=\"_blank\" rel=\"noreferrer noopener\">Rauris<\/a><\/div>\n<\/div>\n\n\n\n<div style=\"height:25px\" aria-hidden=\"true\" class=\"wp-block-spacer\"><\/div>\n\n\n\n<figure class=\"wp-block-image size-large\"><img loading=\"lazy\" decoding=\"async\" width=\"1024\" height=\"765\" src=\"https:\/\/xn--tauernhhenweg-omb.com\/wp-content\/uploads\/2022\/05\/IVT_Der-THW_012mc-1024x765.jpg\" alt=\"\" class=\"wp-image-352\" srcset=\"https:\/\/xn--tauernhhenweg-omb.com\/wp-content\/uploads\/2022\/05\/IVT_Der-THW_012mc-1024x765.jpg 1024w, https:\/\/xn--tauernhhenweg-omb.com\/wp-content\/uploads\/2022\/05\/IVT_Der-THW_012mc-300x224.jpg 300w, https:\/\/xn--tauernhhenweg-omb.com\/wp-content\/uploads\/2022\/05\/IVT_Der-THW_012mc-768x574.jpg 768w, https:\/\/xn--tauernhhenweg-omb.com\/wp-content\/uploads\/2022\/05\/IVT_Der-THW_012mc-1536x1147.jpg 1536w, https:\/\/xn--tauernhhenweg-omb.com\/wp-content\/uploads\/2022\/05\/IVT_Der-THW_012mc-2048x1530.jpg 2048w, https:\/\/xn--tauernhhenweg-omb.com\/wp-content\/uploads\/2022\/05\/IVT_Der-THW_012mc-2000x1494.jpg 2000w\" sizes=\"auto, (max-width: 1024px) 100vw, 1024px\" \/><\/figure>\n\n\n\n<h2 class=\"wp-block-heading has-cyan-bluish-gray-background-color has-background\">Mit der Bahn direkt zum Tauernh\u00f6henweg.<\/h2>\n\n\n\n<p class=\"has-cyan-bluish-gray-background-color has-background\">Der Bahnhof Mallnitz-Obervellach ist <strong>an das EuroCity-Netz angeschlossen<\/strong>. Von hieraus sind auch die Orte Flattach, Gro\u00dfkirchheim und Heiligenblut mit dem \u00d6PNV zu erreichen. Auch der Bahnhof Spittal ist mit EuroCity-Z\u00fcgen gut erreichbar. Von hieraus geht es mit dem \u00d6PNV ins Maltatal.<\/p>\n\n\n\n<div class=\"wp-block-buttons is-layout-flex wp-block-buttons-is-layout-flex\">\n<div class=\"wp-block-button\"><a class=\"wp-block-button__link has-black-color has-cyan-bluish-gray-background-color has-text-color has-background wp-element-button\" href=\"https:\/\/www.oebb.at\/\" target=\"_blank\" rel=\"noreferrer noopener\">Zugverbindung suchen (\u00d6BB)<\/a><\/div>\n\n\n\n<div class=\"wp-block-button\"><a class=\"wp-block-button__link has-black-color has-cyan-bluish-gray-background-color has-text-color has-background wp-element-button\" href=\"https:\/\/www.bahn.de\/\" target=\"_blank\" rel=\"noreferrer noopener\">Zugverbindung suchen (DB)<\/a><\/div>\n<\/div>\n\n\n\n<div style=\"height:25px\" aria-hidden=\"true\" class=\"wp-block-spacer\"><\/div>\n","protected":false},"excerpt":{"rendered":"<p>ERHOLUNG.ENTSPANNEND.ERREICHBAR. Tal.Begeistert. Sie sind zumeist Anfangs- und Endpunkt von Bergtouren auf dem TAUERNH\u00d6HENWEG, bieten Bergsteiger*innen, die im Gebiet unterwegs sein wollen,&nbsp;Zeit und Raum f\u00fcr die Tourenvorbereitung und die Erholung danach. Ihr Angebot reicht von der Fr\u00fchst\u00fcckspension \u00fcber umfangreich ausgestattete Hotels bis hin zu komfortablen Ferienwohnungen und Appartements, die jedem Wunsch gerecht werden. In den G\u00e4steinformationen &hellip; <\/p>\n<p class=\"link-more\"><a href=\"https:\/\/xn--tauernhhenweg-omb.com\/?page_id=171\" class=\"more-link\">Mehr <span class=\"screen-reader-text\">\u00fcber &#8222;Die Talorte.&#8220; <\/span>Lesen<\/a><\/p>\n","protected":false},"author":1,"featured_media":201,"parent":60,"menu_order":0,"comment_status":"closed","ping_status":"closed","template":"","meta":{"inspiro_hide_title":false,"footnotes":""},"class_list":["post-171","page","type-page","status-publish","has-post-thumbnail","hentry"],"_links":{"self":[{"href":"https:\/\/xn--tauernhhenweg-omb.com\/index.php?rest_route=\/wp\/v2\/pages\/171","targetHints":{"allow":["GET"]}}],"collection":[{"href":"https:\/\/xn--tauernhhenweg-omb.com\/index.php?rest_route=\/wp\/v2\/pages"}],"about":[{"href":"https:\/\/xn--tauernhhenweg-omb.com\/index.php?rest_route=\/wp\/v2\/types\/page"}],"author":[{"embeddable":true,"href":"https:\/\/xn--tauernhhenweg-omb.com\/index.php?rest_route=\/wp\/v2\/users\/1"}],"replies":[{"embeddable":true,"href":"https:\/\/xn--tauernhhenweg-omb.com\/index.php?rest_route=%2Fwp%2Fv2%2Fcomments&post=171"}],"version-history":[{"count":15,"href":"https:\/\/xn--tauernhhenweg-omb.com\/index.php?rest_route=\/wp\/v2\/pages\/171\/revisions"}],"predecessor-version":[{"id":1322,"href":"https:\/\/xn--tauernhhenweg-omb.com\/index.php?rest_route=\/wp\/v2\/pages\/171\/revisions\/1322"}],"up":[{"embeddable":true,"href":"https:\/\/xn--tauernhhenweg-omb.com\/index.php?rest_route=\/wp\/v2\/pages\/60"}],"wp:featuredmedia":[{"embeddable":true,"href":"https:\/\/xn--tauernhhenweg-omb.com\/index.php?rest_route=\/wp\/v2\/media\/201"}],"wp:attachment":[{"href":"https:\/\/xn--tauernhhenweg-omb.com\/index.php?rest_route=%2Fwp%2Fv2%2Fmedia&parent=171"}],"curies":[{"name":"wp","href":"https:\/\/api.w.org\/{rel}","templated":true}]}}