{"id":285,"date":"2022-05-17T09:41:08","date_gmt":"2022-05-17T09:41:08","guid":{"rendered":"https:\/\/xn--tauernhhenweg-omb.com\/?page_id=285"},"modified":"2025-05-13T11:44:07","modified_gmt":"2025-05-13T11:44:07","slug":"unsere-mitglieder","status":"publish","type":"page","link":"https:\/\/xn--tauernhhenweg-omb.com\/?page_id=285","title":{"rendered":"Unsere Mitglieder."},"content":{"rendered":"\n<h2 class=\"wp-block-heading has-light-green-cyan-color has-text-color\">ENGAGIERT.ZUSAMMEN.ARBEITEN.<\/h2>\n\n\n\n<figure class=\"wp-block-image aligncenter size-large\"><img loading=\"lazy\" decoding=\"async\" width=\"1024\" height=\"683\" src=\"https:\/\/xn--tauernhhenweg-omb.com\/wp-content\/uploads\/2022\/05\/IVT_Der-Verband_008fgp-1024x683.jpg\" alt=\"\" class=\"wp-image-287\" srcset=\"https:\/\/xn--tauernhhenweg-omb.com\/wp-content\/uploads\/2022\/05\/IVT_Der-Verband_008fgp-1024x683.jpg 1024w, https:\/\/xn--tauernhhenweg-omb.com\/wp-content\/uploads\/2022\/05\/IVT_Der-Verband_008fgp-300x200.jpg 300w, https:\/\/xn--tauernhhenweg-omb.com\/wp-content\/uploads\/2022\/05\/IVT_Der-Verband_008fgp-768x512.jpg 768w, https:\/\/xn--tauernhhenweg-omb.com\/wp-content\/uploads\/2022\/05\/IVT_Der-Verband_008fgp-1536x1024.jpg 1536w, https:\/\/xn--tauernhhenweg-omb.com\/wp-content\/uploads\/2022\/05\/IVT_Der-Verband_008fgp-2048x1366.jpg 2048w, https:\/\/xn--tauernhhenweg-omb.com\/wp-content\/uploads\/2022\/05\/IVT_Der-Verband_008fgp-2000x1334.jpg 2000w\" sizes=\"auto, (max-width: 1024px) 100vw, 1024px\" \/><\/figure>\n\n\n\n<h2 class=\"wp-block-heading has-light-green-cyan-color has-text-color\">Gemeinsam.Begeistert.<\/h2>\n\n\n\n<p class=\"has-light-green-cyan-background-color has-background\">Der Interessenverband TAUERNH\u00d6HENWEG b\u00fcndelt das <strong>Engagement f\u00fcr eine nachhaltigen und naturvertr\u00e4gliche Bergsportentwicklung<\/strong> in der Region. <strong>Alpenvereine<\/strong> aus \u00d6sterreich und Deutschland, <strong>Talgemeinden<\/strong> und der lokale <strong>Tourismus<\/strong> sind hier in enger Zusammenarbeit mit der <strong>Nationalparkverwaltung<\/strong>. Der Verband ist die &#8222;Plattform&#8220;, seine Mitglieder sind die &#8222;Anwendungen&#8220; vor Ort, die das Ziel erreichbar machen &#8211; f\u00fcr die Tourengeher*innen und G\u00e4ste, f\u00fcr den Interessenverband, f\u00fcr den <strong>Schutz der Natur und Kultur <\/strong>in der Region.<\/p>\n\n\n\n<figure class=\"wp-block-image aligncenter size-large\"><img loading=\"lazy\" decoding=\"async\" width=\"1024\" height=\"768\" src=\"https:\/\/xn--tauernhhenweg-omb.com\/wp-content\/uploads\/2022\/05\/IVT_Der-Verband_010hk-1024x768.jpg\" alt=\"\" class=\"wp-image-305\" srcset=\"https:\/\/xn--tauernhhenweg-omb.com\/wp-content\/uploads\/2022\/05\/IVT_Der-Verband_010hk-1024x768.jpg 1024w, https:\/\/xn--tauernhhenweg-omb.com\/wp-content\/uploads\/2022\/05\/IVT_Der-Verband_010hk-300x225.jpg 300w, https:\/\/xn--tauernhhenweg-omb.com\/wp-content\/uploads\/2022\/05\/IVT_Der-Verband_010hk-768x576.jpg 768w, https:\/\/xn--tauernhhenweg-omb.com\/wp-content\/uploads\/2022\/05\/IVT_Der-Verband_010hk-1536x1152.jpg 1536w, https:\/\/xn--tauernhhenweg-omb.com\/wp-content\/uploads\/2022\/05\/IVT_Der-Verband_010hk-2048x1536.jpg 2048w, https:\/\/xn--tauernhhenweg-omb.com\/wp-content\/uploads\/2022\/05\/IVT_Der-Verband_010hk-2000x1500.jpg 2000w\" sizes=\"auto, (max-width: 1024px) 100vw, 1024px\" \/><\/figure>\n\n\n\n<h2 class=\"wp-block-heading has-light-green-cyan-background-color has-background\">Die Alpenvereine.<\/h2>\n\n\n\n<div class=\"wp-block-buttons is-layout-flex wp-block-buttons-is-layout-flex\">\n<div class=\"wp-block-button\"><a class=\"wp-block-button__link has-black-color has-light-green-cyan-background-color has-text-color has-background wp-element-button\" href=\"https:\/\/www.alpenverein-celle.de\/\" target=\"_blank\" rel=\"noreferrer noopener\">DAV-Sektion Celle<\/a><\/div>\n\n\n\n<div class=\"wp-block-button\"><a class=\"wp-block-button__link has-black-color has-light-green-cyan-background-color has-text-color has-background wp-element-button\" href=\"https:\/\/www.dav-duisburg.de\/\" target=\"_blank\" rel=\"noreferrer noopener\">DAV-Sektion Duisburg<\/a><\/div>\n\n\n\n<div class=\"wp-block-button\"><a class=\"wp-block-button__link has-black-color has-light-green-cyan-background-color has-text-color has-background wp-element-button\" href=\"https:\/\/www.dav-giessen.de\/\" target=\"_blank\" rel=\"noreferrer noopener\">DAV-Sektion Gie\u00dfen-Oberhessen<\/a><\/div>\n\n\n\n<div class=\"wp-block-button\"><a class=\"wp-block-button__link has-black-color has-light-green-cyan-background-color has-text-color has-background wp-element-button\" href=\"https:\/\/www.davgoettingen.de\/\" target=\"_blank\" rel=\"noreferrer noopener\">DAV-Sektion G\u00f6ttingen<\/a><\/div>\n\n\n\n<div class=\"wp-block-button\"><a class=\"wp-block-button__link has-black-color has-light-green-cyan-background-color has-text-color has-background wp-element-button\" href=\"https:\/\/www.dav-goslar.de\/\" target=\"_blank\" rel=\"noreferrer noopener\">DAV-Sektion Goslar<\/a><\/div>\n\n\n\n<div class=\"wp-block-button\"><a class=\"wp-block-button__link has-black-color has-light-green-cyan-background-color has-text-color has-background wp-element-button\" href=\"http:\/\/www.dav-hagen.de\/\" target=\"_blank\" rel=\"noreferrer noopener\">DAV-Sektion Hagen<\/a><\/div>\n\n\n\n<div class=\"wp-block-button\"><a class=\"wp-block-button__link has-black-color has-light-green-cyan-background-color has-text-color has-background wp-element-button\" href=\"https:\/\/alpenverein-hannover.de\/\" target=\"_blank\" rel=\"noreferrer noopener\">DAV-Sektion Hannover<\/a><\/div>\n\n\n\n<div class=\"wp-block-button\"><a class=\"wp-block-button__link has-black-color has-light-green-cyan-background-color has-text-color has-background wp-element-button\" href=\"https:\/\/www.alpenverein-muelheim.de\/\" target=\"_blank\" rel=\"noreferrer noopener\">DAV-Sektion M\u00fclheim an der Ruhr<\/a><\/div>\n\n\n\n<div class=\"wp-block-button\"><a class=\"wp-block-button__link has-black-color has-light-green-cyan-background-color has-text-color has-background wp-element-button\" href=\"https:\/\/www.dav-osnabrueck.de\/\" target=\"_blank\" rel=\"noreferrer noopener\">DAV-Sektion Osnabr\u00fcck<\/a><\/div>\n\n\n\n<div class=\"wp-block-button\"><a class=\"wp-block-button__link has-black-color has-light-green-cyan-background-color has-text-color has-background wp-element-button\" href=\"https:\/\/dav-witten.de\/\" target=\"_blank\" rel=\"noreferrer noopener\">DAV-Sektion Witten<\/a><\/div>\n\n\n\n<div class=\"wp-block-button\"><a class=\"wp-block-button__link has-black-color has-light-green-cyan-background-color has-text-color has-background wp-element-button\" href=\"https:\/\/www.alpenverein.de\/\" target=\"_blank\" rel=\"noreferrer noopener\">DAV-Bundesverband<\/a><\/div>\n\n\n\n<div class=\"wp-block-button\"><a class=\"wp-block-button__link has-black-color has-light-green-cyan-background-color has-text-color has-background wp-element-button\" href=\"https:\/\/www.alpenverein.at\/gmuend\/\" target=\"_blank\" rel=\"noreferrer noopener\">\u00d6AV-Sektion Gm\u00fcnd-Lieser-Maltatal<\/a><\/div>\n\n\n\n<div class=\"wp-block-button\"><a class=\"wp-block-button__link has-black-color has-light-green-cyan-background-color has-text-color has-background wp-element-button\" href=\"https:\/\/www.alpenverein.at\/grosskirchheim\/\" target=\"_blank\" rel=\"noreferrer noopener\">\u00d6AV-Sektion Gro\u00dfkirchheim-Heiligenblut<\/a><\/div>\n\n\n\n<div class=\"wp-block-button\"><a class=\"wp-block-button__link has-black-color has-light-green-cyan-background-color has-text-color has-background wp-element-button\" href=\"https:\/\/www.alpenverein.at\/klagenfurt\/\" target=\"_blank\" rel=\"noreferrer noopener\">\u00d6AV-Sektion Klagenfurt<\/a><\/div>\n\n\n\n<div class=\"wp-block-button\"><a class=\"wp-block-button__link has-black-color has-light-green-cyan-background-color has-text-color has-background wp-element-button\" href=\"https:\/\/www.alpenverein.at\/mallnitz\/\" target=\"_blank\" rel=\"noreferrer noopener\">\u00d6AV-Sektion Mallnitz<\/a><\/div>\n\n\n\n<div class=\"wp-block-button\"><a class=\"wp-block-button__link has-black-color has-light-green-cyan-background-color has-text-color has-background wp-element-button\" href=\"https:\/\/www.alpenverein.at\/villach\/\" target=\"_blank\" rel=\"noreferrer noopener\">\u00d6AV-Sektion Zweig Villach<\/a><\/div>\n<\/div>\n\n\n\n<div style=\"height:19px\" aria-hidden=\"true\" class=\"wp-block-spacer\"><\/div>\n\n\n\n<figure class=\"wp-block-image aligncenter size-large\"><img loading=\"lazy\" decoding=\"async\" width=\"1024\" height=\"576\" src=\"https:\/\/xn--tauernhhenweg-omb.com\/wp-content\/uploads\/2022\/05\/IVT_Der-Verband_009mc-1024x576.jpg\" alt=\"\" class=\"wp-image-306\" srcset=\"https:\/\/xn--tauernhhenweg-omb.com\/wp-content\/uploads\/2022\/05\/IVT_Der-Verband_009mc-1024x576.jpg 1024w, https:\/\/xn--tauernhhenweg-omb.com\/wp-content\/uploads\/2022\/05\/IVT_Der-Verband_009mc-300x169.jpg 300w, https:\/\/xn--tauernhhenweg-omb.com\/wp-content\/uploads\/2022\/05\/IVT_Der-Verband_009mc-768x432.jpg 768w, https:\/\/xn--tauernhhenweg-omb.com\/wp-content\/uploads\/2022\/05\/IVT_Der-Verband_009mc-1536x864.jpg 1536w, https:\/\/xn--tauernhhenweg-omb.com\/wp-content\/uploads\/2022\/05\/IVT_Der-Verband_009mc-2048x1152.jpg 2048w, https:\/\/xn--tauernhhenweg-omb.com\/wp-content\/uploads\/2022\/05\/IVT_Der-Verband_009mc-2000x1125.jpg 2000w\" sizes=\"auto, (max-width: 1024px) 100vw, 1024px\" \/><\/figure>\n\n\n\n<h2 class=\"wp-block-heading has-cyan-bluish-gray-background-color has-background\">Die Talgemeinden.<\/h2>\n\n\n\n<div class=\"wp-block-buttons is-layout-flex wp-block-buttons-is-layout-flex\">\n<div class=\"wp-block-button\"><a class=\"wp-block-button__link has-black-color has-cyan-bluish-gray-background-color has-text-color has-background wp-element-button\" href=\"https:\/\/flattach.gv.at\/\" target=\"_blank\" rel=\"noreferrer noopener\">Flattach<\/a><\/div>\n\n\n\n<div class=\"wp-block-button\"><a class=\"wp-block-button__link has-black-color has-cyan-bluish-gray-background-color has-text-color has-background wp-element-button\" href=\"https:\/\/www.mallnitz.gv.at\/\" target=\"_blank\" rel=\"noreferrer noopener\">Mallnitz<\/a><\/div>\n\n\n\n<div class=\"wp-block-button\"><a class=\"wp-block-button__link has-black-color has-cyan-bluish-gray-background-color has-text-color has-background wp-element-button\" href=\"https:\/\/malta.gv.at\/\" target=\"_blank\" rel=\"noreferrer noopener\">Malta<\/a><\/div>\n\n\n\n<div class=\"wp-block-button\"><a class=\"wp-block-button__link has-black-color has-cyan-bluish-gray-background-color has-text-color has-background wp-element-button\" href=\"https:\/\/obervellach.gv.at\/\" target=\"_blank\" rel=\"noreferrer noopener\">Obervellach<\/a><\/div>\n<\/div>\n\n\n\n<div style=\"height:25px\" aria-hidden=\"true\" class=\"wp-block-spacer\"><\/div>\n\n\n\n<figure class=\"wp-block-image aligncenter size-large\"><img loading=\"lazy\" decoding=\"async\" width=\"1024\" height=\"683\" src=\"https:\/\/xn--tauernhhenweg-omb.com\/wp-content\/uploads\/2022\/05\/IVT_Der-Verband_011fgp-1024x683.jpg\" alt=\"\" class=\"wp-image-307\" srcset=\"https:\/\/xn--tauernhhenweg-omb.com\/wp-content\/uploads\/2022\/05\/IVT_Der-Verband_011fgp-1024x683.jpg 1024w, https:\/\/xn--tauernhhenweg-omb.com\/wp-content\/uploads\/2022\/05\/IVT_Der-Verband_011fgp-300x200.jpg 300w, https:\/\/xn--tauernhhenweg-omb.com\/wp-content\/uploads\/2022\/05\/IVT_Der-Verband_011fgp-768x512.jpg 768w, https:\/\/xn--tauernhhenweg-omb.com\/wp-content\/uploads\/2022\/05\/IVT_Der-Verband_011fgp-1536x1024.jpg 1536w, https:\/\/xn--tauernhhenweg-omb.com\/wp-content\/uploads\/2022\/05\/IVT_Der-Verband_011fgp-2048x1366.jpg 2048w, https:\/\/xn--tauernhhenweg-omb.com\/wp-content\/uploads\/2022\/05\/IVT_Der-Verband_011fgp-2000x1334.jpg 2000w\" sizes=\"auto, (max-width: 1024px) 100vw, 1024px\" \/><\/figure>\n\n\n\n<h2 class=\"wp-block-heading has-light-green-cyan-background-color has-background\">Die Tourismusverb\u00e4nde.<\/h2>\n\n\n\n<div class=\"wp-block-buttons is-layout-flex wp-block-buttons-is-layout-flex\">\n<div class=\"wp-block-button\"><a class=\"wp-block-button__link has-black-color has-light-green-cyan-background-color has-text-color has-background wp-element-button\" href=\"https:\/\/www.mallnitz.at\/\" target=\"_blank\" rel=\"noreferrer noopener\">M\u00f6lltal<\/a><\/div>\n\n\n\n<div class=\"wp-block-button\"><a class=\"wp-block-button__link has-black-color has-light-green-cyan-background-color has-text-color has-background wp-element-button\" href=\"https:\/\/www.maltatal.com\/\" target=\"_blank\" rel=\"noreferrer noopener\">Maltatal<\/a><\/div>\n<\/div>\n\n\n\n<div style=\"height:25px\" aria-hidden=\"true\" class=\"wp-block-spacer\"><\/div>\n","protected":false},"excerpt":{"rendered":"<p>ENGAGIERT.ZUSAMMEN.ARBEITEN. Gemeinsam.Begeistert. Der Interessenverband TAUERNH\u00d6HENWEG b\u00fcndelt das Engagement f\u00fcr eine nachhaltigen und naturvertr\u00e4gliche Bergsportentwicklung in der Region. Alpenvereine aus \u00d6sterreich und Deutschland, Talgemeinden und der lokale Tourismus sind hier in enger Zusammenarbeit mit der Nationalparkverwaltung. Der Verband ist die &#8222;Plattform&#8220;, seine Mitglieder sind die &#8222;Anwendungen&#8220; vor Ort, die das Ziel erreichbar machen &#8211; f\u00fcr die &hellip; <\/p>\n<p class=\"link-more\"><a href=\"https:\/\/xn--tauernhhenweg-omb.com\/?page_id=285\" class=\"more-link\">Mehr <span class=\"screen-reader-text\">\u00fcber &#8222;Unsere Mitglieder.&#8220; <\/span>Lesen<\/a><\/p>\n","protected":false},"author":1,"featured_media":286,"parent":65,"menu_order":0,"comment_status":"closed","ping_status":"closed","template":"","meta":{"inspiro_hide_title":false,"footnotes":""},"class_list":["post-285","page","type-page","status-publish","has-post-thumbnail","hentry"],"_links":{"self":[{"href":"https:\/\/xn--tauernhhenweg-omb.com\/index.php?rest_route=\/wp\/v2\/pages\/285","targetHints":{"allow":["GET"]}}],"collection":[{"href":"https:\/\/xn--tauernhhenweg-omb.com\/index.php?rest_route=\/wp\/v2\/pages"}],"about":[{"href":"https:\/\/xn--tauernhhenweg-omb.com\/index.php?rest_route=\/wp\/v2\/types\/page"}],"author":[{"embeddable":true,"href":"https:\/\/xn--tauernhhenweg-omb.com\/index.php?rest_route=\/wp\/v2\/users\/1"}],"replies":[{"embeddable":true,"href":"https:\/\/xn--tauernhhenweg-omb.com\/index.php?rest_route=%2Fwp%2Fv2%2Fcomments&post=285"}],"version-history":[{"count":23,"href":"https:\/\/xn--tauernhhenweg-omb.com\/index.php?rest_route=\/wp\/v2\/pages\/285\/revisions"}],"predecessor-version":[{"id":1320,"href":"https:\/\/xn--tauernhhenweg-omb.com\/index.php?rest_route=\/wp\/v2\/pages\/285\/revisions\/1320"}],"up":[{"embeddable":true,"href":"https:\/\/xn--tauernhhenweg-omb.com\/index.php?rest_route=\/wp\/v2\/pages\/65"}],"wp:featuredmedia":[{"embeddable":true,"href":"https:\/\/xn--tauernhhenweg-omb.com\/index.php?rest_route=\/wp\/v2\/media\/286"}],"wp:attachment":[{"href":"https:\/\/xn--tauernhhenweg-omb.com\/index.php?rest_route=%2Fwp%2Fv2%2Fmedia&parent=285"}],"curies":[{"name":"wp","href":"https:\/\/api.w.org\/{rel}","templated":true}]}}