{"id":3,"date":"2022-02-23T19:47:24","date_gmt":"2022-02-23T19:47:24","guid":{"rendered":"https:\/\/xn--tauernhhenweg-omb.com\/?page_id=3"},"modified":"2025-08-20T19:00:55","modified_gmt":"2025-08-20T19:00:55","slug":"privacy-policy","status":"publish","type":"page","link":"https:\/\/xn--tauernhhenweg-omb.com\/?page_id=3","title":{"rendered":"Impressum + Datenschutz."},"content":{"rendered":"\n<h2 class=\"wp-block-heading has-light-green-cyan-color has-text-color\">IMPRESSUM.<\/h2>\n\n\n\n<p class=\"has-light-green-cyan-background-color has-background\"><strong>INTERESSENVERBAND TAUERNH\u00d6HENWEG E.V.<\/strong><\/p>\n\n\n\n<p class=\"has-cyan-bluish-gray-background-color has-background\"><em>Vereinsregister+Steuerdaten<\/em> | VR 5942 | Amtsgericht Duisburg (D) | StNr 120 5702 1674 | Finanzamt M\u00fclheim an der Ruhr | als gemeinn\u00fctzig anerkannt<\/p>\n\n\n\n<p class=\"has-cyan-bluish-gray-background-color has-background\"><em>Anschrift <\/em>| c\/o DAV-Sektion M\u00fclheim an der Ruhr e.V. | Bruchstra\u00dfe 72 | D 45468 M\u00fclheim an der Ruhr | interessenverband@tauernhoehenweg.at | interessenverband@tauernhoehenweg.de<\/p>\n\n\n\n<p class=\"has-cyan-bluish-gray-background-color has-background\"><em>Bankverbindung <\/em>| Raiffeisenbank Lurnfeld-M\u00f6lltal | IBAN AT83 3941 2000 0211 1631 | BIC RZKTAT2K412 | Konto 2 111 631 | Raiffeisen Bank Lurnfeld-M\u00f6lltal | BLZ 394 12<\/p>\n\n\n\n<p class=\"has-cyan-bluish-gray-background-color has-background\"><em>Gesch\u00e4ftsf\u00fchrender Vorstand<\/em> | Janine Brewko (D), 1. Vorsitzende | Maria Wohlgemuth (A), 2. Vorsitzende | Michaela Pflug (D), Schatzmeisterin | <em>Erweiterter Vorstand<\/em> | Manfred B\u00fctefisch (D), Schriftf\u00fchrer | Christoph Wallner (A), H\u00fctten- + Wegereferent<\/p>\n\n\n\n<p class=\"has-cyan-bluish-gray-background-color has-background\"><em>Domains des Interessenverbands Tauernh\u00f6henweg<\/em> | tauernhoehenweg.at | tauernhoehenweg.de | tauerh\u00f6henweg.at | tauerh\u00f6henweg.de | tauernhoehenweg.com | tauernh\u00f6henweg.com | interessenverband-tauernhoehenweg.jiimdosite.com<\/p>\n\n\n\n<p class=\"has-cyan-bluish-gray-background-color has-background\"><em>Verantwortlich i.S.d.P.<\/em> | Janine Brewko | interessenverband@tauernhoehenweg.de | Nach \u00a728, Abs. 3, Bundesdatenschutz-Gesetz, widersprechen wir der Nutzung unserer Daten f\u00fcr Werbe- oder f\u00fcr Markt- und Meinungsforschungszwecke.<\/p>\n\n\n\n<p class=\"has-cyan-bluish-gray-background-color has-background\"><em>Fotonachweis<\/em> | Peter Angermann | Michael Cremer | Franz Gerdl | Holger Klink | Mike Lercher | Karl Linecker | Siegfried Morhenne | Georg Oberlohr | Andreas Strau\u00df | Fotos und Grafiken enthalten entsprechende Informationen zu ihrer jeweiligen Herkunft. Wir danken unseren Mitgliedern und Kooperationspartner*innen f\u00fcr die Bereitstellung von Bildmaterialien, ebenso dem Portal alpenvereinaktiv.com.<\/p>\n\n\n\n<h2 class=\"wp-block-heading has-light-green-cyan-color has-text-color\">DATENSCHUTZ.<\/h2>\n\n\n\n<p class=\"has-cyan-bluish-gray-background-color has-background\"><em>Zweck der Datenschutzerkl\u00e4rung<\/em> | Der INTERESSENVERBAND TAUERNH\u00d6HENWEG E.V. nimmt als Anbieter der o.g. Websites&nbsp;die Verpflichtung zum Datenschutz sehr ernst und gestaltet sie so, dass nur so wenige personenbezogene Daten wie n\u00f6tig erhoben, verarbeitet und genutzt werden. Unter keinen Umst\u00e4nden werden personenbezogene Daten zu Werbezwecken an Dritte vermietet oder verkauft. Ohne die ausdr\u00fcckliche Einwilligung von Besucher*innen werden keine personenbezogenen Daten f\u00fcr Werbe- oder Marketingzwecke genutzt. Zugriff auf personenbezogene Daten haben nur solche Personen, die diese Daten zur Durchf\u00fchrung ihrer Aufgaben innerhalb der verantwortlichen Stelle ben\u00f6tigen, die \u00fcber die gesetzlichen Bestimmungen zum Datenschutz informiert sind und sich gem\u00e4\u00df der geltenden gesetzlichen Bestimmungen (Art. 5 der EU-Datenschutzgrundverordnung (EU-DSGVO)) verpflichtet haben, diese einzuhalten. Die Erhebung, Verarbeitung, Nutzung und \u00dcbermittlung der erhobenen personenbezogenen Daten erfolgen nach Art 6. Absatz 1 EU-DSGVO nur in dem Umfang, der f\u00fcr die Durchf\u00fchrung eines Vertragsverh\u00e4ltnisses zwischen dem INTERESSENVERBAND TAUERNH\u00d6HENWEG E.V. als verantwortliche Stelle und den Besucher*innen als Betroffene erforderlich ist.<\/p>\n\n\n\n<p class=\"has-cyan-bluish-gray-background-color has-background\"><em>Zweck\u00e4nderungen der Verarbeitung + Datennutzung<\/em> | Da sich auf Grund des technischen Fortschritts und organisatorischer \u00c4nderungen der eingesetzten Verarbeitungsverfahren \u00e4ndern\/weiterentwickeln k\u00f6nnen behalten wir uns vor, die vorliegende Datenschutzerkl\u00e4rung gem\u00e4\u00df den neuen technischen Rahmenbedingungen weiterzuentwickeln. Wir bitten Sie deshalb die Datenschutzerkl\u00e4rung von Zeit zu Zeit zu \u00fcberpr\u00fcfen. Sollten Sie mit den im Verlaufe der Zeit auftretenden Weiterentwicklungen nicht einverstanden sein, so k\u00f6nnen Sie schriftlich, gem\u00e4\u00df Art 17 EU-DSGVO, eine L\u00f6schung der Daten, die nicht auf Grundlage anderer gesetzlicher Vorgaben, wie handelsrechtlicher oder steuerrechtlicher Aufbewahrungspflichten, gespeichert werden, verlangen.<\/p>\n\n\n\n<p class=\"has-cyan-bluish-gray-background-color has-background\"><em>Anonyme Datenerhebung<\/em> | Sie k\u00f6nnen die Webseiten der verantwortlichen Stelle grunds\u00e4tzlich besuchen, ohne uns mitzuteilen, wer Sie sind. Wir erfahren nur den Namen Ihres Internet Service Providers, die Webseite, von der aus Sie uns besuchen, und die Webseiten, die Sie bei uns besuchen. Rechtsgrundlage f\u00fcr diese Datenerhebung ist Art. 6 Abs. 1 lit b DSGVO. Diese Informationen werden zu statistischen Zwecken ausgewertet. Sie bleiben als einzelner Nutzer hierbei anonym.<\/p>\n\n\n\n<p class=\"has-cyan-bluish-gray-background-color has-background\"><em>Erhebung und Verarbeitung personenbezogener Daten<\/em> | Personenbezogene Daten werden nur erhoben, wenn Sie uns diese von sich aus, zum Beispiel&nbsp;bei der Nutzungs des Kontaktformulares&nbsp;mitteilen und\/oder&nbsp;zur Nutzung der Daten Ihre Einwilligung erteilen (Art. 6 Abs. 1 lit. a DSGVO). Die verantwortliche Stelle h\u00e4lt sich dabei an die Vorgaben der Art 5 und 6 EU-DSGVO. Im Rahmen der personalisierten Dienste der verantwortlichen Stelle werden Ihre Kontaktdaten unter der Voraussetzung Ihrer Einwilligung zum&nbsp;angegebenen&nbsp;Zwecke der Kontaktaufnahme, bzw. zur bedarfsgerechten Gestaltung der angebotenen elektronischen Dienste verarbeitet. Sie haben jederzeit die M\u00f6glichkeit, der Speicherung ihrer personenbezogenen Daten zu widersprechen. Bitte senden Sie dazu eine E-Mail an <em>interessenverband@tauernhoehenweg.de<\/em> oder <em>interessenverband@tauernhoehenweg.de<\/em> mit dem Betreff &#8222;Datenbest\u00e4nde austragen&#8220; und geben Sie dabei bitte die Website an. Die Verarbeitung und Nutzung Ihrer personenbezogenen Daten erfolgt nach den Vorgaben der EU-DSGVO.<\/p>\n\n\n\n<p class=\"has-cyan-bluish-gray-background-color has-background\"><em>Externe Links<\/em> | Zu Ihrer Information finden Sie auf unseren Seiten Links, die auf Seiten Dritter verweisen. Soweit dies nicht offensichtlich erkennbar ist, weisen wir Sie darauf hin, dass es sich um einen externen Link handelt. Die verantwortliche Stelle hat keinerlei Einfluss auf den Inhalt und die Gestaltung dieser Seiten anderer Anbieter. Die Garantien dieser Datenschutzerkl\u00e4rung gelten daher f\u00fcr externe Anbieter nicht.<\/p>\n\n\n\n<p class=\"has-cyan-bluish-gray-background-color has-background\"><em>Speicherungsdauer<\/em> | Wir speichern Ihre personenbezogenen Daten nur solange wir Sie zur Bereitstellung des von Ihnen genutzten Webangebotes ben\u00f6tigen bzw. solange uns Ihre Einwilligung vorliegt oder wir ein anderweitiges berechtigtes Interesse an der Datenverarbeitung haben. Eine dar\u00fcberhinausgehende Speicherung erfolgt lediglich auf der Grundlage gesetzlicher Vorschriften. Bei buchhaltungsrelevanten Daten gilt gem\u00e4\u00df \u00a7 147 AO, bzw. \u00a7 257 HGB eine Speicherdauer von 10 Jahren.<\/p>\n\n\n\n<p class=\"has-cyan-bluish-gray-background-color has-background\"><em>Export und Verarbeitung der Daten in Staaten au\u00dferhalb des Europ\u00e4ischen Wirtschaftsraumes<\/em> | Generell findet kein Export ihrer personenbezogenen Daten in Staaten au\u00dferhalb des Europ\u00e4ischen Wirtschaftsraumes (Im Folgenden EWR) statt, gleiches gilt f\u00fcr die Schweiz. Die Sektion stellt f\u00fcr den ausnahmsweisen Fall der \u00dcbertragung von Daten in einen Drittstaat die von der DSGVO geforderten Garantien f\u00fcr ein angemessenes Datenschutzniveau \u00fcber den Abschluss von Standardvertragsklauseln sicher, soweit kein Angemessenheitsbeschluss der Kommission f\u00fcr den Drittstaat besteht. Dar\u00fcber hinaus hat die Sektion beim Abschluss von Standardvertragsklauseln erg\u00e4nzend zus\u00e4tzliche \u00dcberpr\u00fcfungen zur Einhaltung des Datenschutzniveaus im jeweiligen Drittstaat durch den konkreten Anbieter vorgenommen.<\/p>\n\n\n\n<p class=\"has-cyan-bluish-gray-background-color has-background\"><em>Einsatz von Cookies<\/em> | Abh\u00e4ngig von Ihrem Verwendungszweck speichern Cookies bestimmte nutzerspezifische Informationen wie etwa Ihre Nutzereinstellungen, Authentifizierungsmerkmale oder Sicherheitsparameter. Soweit dies im Rahmen Ihres Besuchs von Sektionswebsites erforderlich ist, sendet Ihr Internet-Browser die Cookies sowie die darin enthaltenen Informationen an diejenigen Server zur\u00fcck, von denen sie anf\u00e4nglich heruntergeladen wurden. Die Auswertung und Verarbeitung der betreffenden Informationen erm\u00f6glicht es uns, die Funktionsf\u00e4higkeit der Website sicherzustellen und Ihre Nutzererfahrung zu verbessern. Rechtsgrundlage ist Art. 6 Abs. 1 lit. f DSGVO, da diese Cookies zur Bereitsstellung des Dienstes technisch zwingenderforderlich sind sowie zum Nachweis etwaiger von Ihnen erteilter Einwilligungen ben\u00f6tigt werden (vgl. Cookie-Consent, Speicherdauer 30 Tage).<\/p>\n\n\n\n<p class=\"has-cyan-bluish-gray-background-color has-background\"><em>Permanente Cookies<\/em> | Dar\u00fcber hinaus verwendet die verantwortliche Stelle \u201epermanente Cookies\u201c, um die pers\u00f6nlichen Nutzungseinstellungen, die ein Kunde bei der Nutzung der Services der verantwortlichen Stelle eingibt, zu speichern und so eine Personalisierung und Verbesserung des Service vornehmen zu k\u00f6nnen, soweit Sie hierf\u00fcr Ihre Einwilligung erteilen (Art. 6 Abs. 1 lit. a DSGVO). Durch die permanenten Cookies wird sichergestellt, dass der Kunde bei einem erneuten Besuch der Webseiten der verantwortlichen Stelle seine pers\u00f6nlichen Einstellungen wieder vorfindet. Daneben verwenden die Dienstleister, die die verantwortliche Stelle mit der Analyse des Nutzerverhaltens beauftragt hat, permanente Cookies, um wiederkehrende Nutzer erkennen zu k\u00f6nnen. Diese Dienste speichern die vom Cookie \u00fcbermittelten Daten ausschlie\u00dflich anonym ab. Eine Zuordnung zur IP-Adresse des Kunden wird nicht vorgehalten. N\u00e4here Informationen zu den von der verantwortlichen Stelle oder von ihren Dienstleistern eingesetzten permanenten Cookies finden Sie unter den folgenden Punkten dieser Datenschutzinformation: Verwendung von Analyseprogrammen&nbsp;&#8211; 30 Tage.<\/p>\n\n\n\n<p class=\"has-cyan-bluish-gray-background-color has-background\"><em>Vermeidung von Cookies<\/em> | Der Besucher hat&nbsp;im \u00dcbrigen&nbsp;jederzeit die M\u00f6glichkeit, das Setzen von Cookies abzulehnen. Dies geschieht in der Regel durch die Wahl der entsprechenden Option in den Einstellungen des Browsers oder durch zus\u00e4tzliche Programme. N\u00e4heres ist der Hilfe-Funktion des kundenseitig verwendeten Browsers zu entnehmen. Entscheidet sich der Kunde f\u00fcr die Ausschaltung von Cookies, kann dies den Leistungsumfang des Services mindern und sich bei der Nutzung der Dienste der verantwortlichen negativ bemerkbar machen.<\/p>\n\n\n\n<p class=\"has-cyan-bluish-gray-background-color has-background\"><em>Verwendung von Analyseprogrammen<\/em> | Die verantwortliche Stelle f\u00fchrt Analysen \u00fcber das Verhalten&nbsp;ihrer&nbsp;Kunden im Rahmen der Nutzung seines Service durch bzw. l\u00e4sst diese durchf\u00fchren, soweit sie uns ihre Einwilligung erteilen. Zu diesem Zweck werden anonymisierte oder pseudonymisierte Nutzungsprofile erstellt. Die Erstellung der Nutzungsprofile erfolgt zu dem alleinigen Zweck, den Service der verantwortlichen Stelle st\u00e4ndig zu verbessern. Rechtsgrundlage f\u00fcr die Verarbeitung ihrer Daten ist Art. 6 Abs. 1 lit. a DSGVO.&nbsp;Die verantwortliche Stelle setzt zur Nutzeranalyse ein eigens bereitgestelltes System ein. Es werden keine Daten an Dritte weitergegeben und nur anonymisiert f\u00fcr statistische Zwecke verarbeitet.<\/p>\n\n\n\n<p class=\"has-cyan-bluish-gray-background-color has-background\"><em>Einbettung von YouTube-Videos<\/em> | Wir nutzen f\u00fcr die Einbindung von Videos den&nbsp;erweiterte Datenschutzmodus von Youtube mit der URL&nbsp;<a href=\"http:\/\/www.youtube-nocookie.com\/\">www.youtube-nocookie.com<\/a>&nbsp;. Dieser blockiert das Setzen von YouTube-Cookies solange , bis Sie aktiv ihre Zustimmung zum Zwecke der Wiedergabe&nbsp;des Videos geben. Mit&nbsp;ihrer aktiven Zustimmung erteilen Sie Ihre Einwilligung daf\u00fcr, dass YouTube auf dem von Ihnen verwendeten Endger\u00e4t Cookies setzt, die auch einer Analyse des Nutzungsverhaltens zu Marktforschungs- und Marketing-Zwecken dienen k\u00f6nnen. N\u00e4heres zur Cookie-Verwendung durch YoTtube finden Sie in der Cookie-Policy von Google unter&nbsp;<a href=\"https:\/\/policies.google.com\/technologies\/types?hl=de\">https:\/\/policies.google.com\/technologies\/types?hl=de<\/a>. Falls Sie als registriertes Mitglied bei Google eingeloggt sind, k\u00f6nnen meistens mehr Daten erhoben werden, da m\u00f6glicherweise mehr Cookies bereits in Ihrem Browser gesetzt wurden. Zudem werden Ihre Handlungen auf unsere Webseite direkt mit Ihrem Google-Account verkn\u00fcpft. Um dies zu verhindern m\u00fcssen Sie sich, w\u00e4hrend des \u201cSurfens\u201d auf unserer Webseite, von Google ausloggen.<\/p>\n\n\n\n<p class=\"has-cyan-bluish-gray-background-color has-background\"><em>Onlineangebote auf Social-Media-Plattformen<\/em> | Wir bieten auf unterschiedlichen Social-Media-Plattformen Onlineangebote an, um dort Informationen bereitzuhalten und um mit Ihnen in Kontakt treten zu k\u00f6nnen. Hier sind wir in der Regel gemeinsam mit dem Betreiber der Plattform verantwortlich iSv. Art. 26 DSGVO. Auf die Verarbeitung personenbezogener Daten durch den jeweiligen Plattformbetreiber haben wir keinen Einfluss. In der Regel werden beim Besuch unserer Social-Media-Angebote vom Plattformbetreiber Cookies in Ihrem Browser gespeichert, in denen zu Marktforschungs-und Werbezwecken Ihr Nutzungsverhalten bzw. Ihre Interessen gespeichert werden. Die so &#8211; meist ger\u00e4te\u00fcbergreifend &#8211; gewonnenen Nutzungsprofile verwenden die Plattformbetreiber, um Ihnen personalisierte Werbung anzuzeigen. Von der Datenverarbeitung k\u00f6nnen auch Personen betroffen sein, die bei der jeweiligen Social-Media-Plattform nicht als Nutzer registriert sind. Unter Umst\u00e4nden werden Ihre Daten au\u00dferhalb des Raumes der Europ\u00e4ischen Union verarbeitet, was die Durchsetzung Ihrer Rechte erschweren kann. Wir achten bei der Auswahl solcher Social-Media-Plattformen jedoch darauf, dass die Bertreiber sich dazu verpflichten, die Datenschutzstandards der EU einzuhalten. Die Verarbeitung Ihrer personenbezogenen Daten beim Besuch einer unserer Social-Media-Angebote erfolgt auf Grundlage unserer berechtigten Interessen an einer vielf\u00e4ltigen Au\u00dfendarstellung unseres Unternehmens und derNutzung einer effektiven Informationsm\u00f6glichkeit sowie der Kommunikation mit Ihnen. Die Rechtsgrundlage hierf\u00fcr ist Art. 6 Abs. 1 lit.f DSGVO. Unter Umst\u00e4nden haben Sie einem Plattformbetreiber auch eine Einwilligung in die Datenverarbeitung erteilt, in diesem Fall ist Art. 6 Abs. 1 lit. a DSGVO die Rechtsgrundlage. Detaillierte Informationen \u00fcber die Datenverarbeitung im Zusammenhang mit der Nutzung unserer Social-Media-Angebote, Widerspruchsm\u00f6glichkeiten (Opt-Out) und die Geltendmachung von Auskunftsrechten erhalten sie \u00fcber die Datenschutzerkl\u00e4rung des entsprechenden Plattformbetreibers. Die Links zu den Datenschutzerkl\u00e4rungen der Plattformbetreiben finden Sie bei unseren Ausf\u00fchrungen zu den jeweiligen Plattformen. Soweit wir gemeinsame Verantwortliche mit einer anderen Stelle sind, k\u00f6nnen Sie Ihre oben bezeichneten Betroffenenrechte auch gegen\u00fcber deren Datenschutzbeauftragten aus\u00fcben und sich bei der f\u00fcr diese Stelle zust\u00e4ndigen Aufsichtsbeh\u00f6rde beschweren.<\/p>\n\n\n\n<p class=\"has-black-color has-cyan-bluish-gray-background-color has-text-color has-background\"><em>Verwendung des Kontaktformulars<\/em> | Den Nutzer*innen steht auf der Website ggf. ein Kontaktformular f\u00fcr Anfragen an den INTERESSENVERBAND TAUERNH\u00d6HENWEG E.V. zur Verf\u00fcgung. F\u00fcr die Kontaktaufnahme ist die Erhebung der personenbezogenen Daten Vorname, Nachname, Mailadresse im Kontaktformular notwendig und erfolgt \u00fcber verpflichtend auszuf\u00fcllende Felder. Nutzer*innen werden darauf hingewiesen und m\u00fcssen der Verarbeitung dieser Informationen unter Erw\u00e4hnung der Widerrufsm\u00f6glichkeit zustimmen&nbsp;(Art. 6 Abs. 1 lit. a DSGVO). Die M\u00f6glichkeit des Widerrufs der Zustimmung zur Datenverarbeitung wird zudem in der automatischen Best\u00e4tigungsmail an die anfragende Person erw\u00e4hnt.<\/p>\n\n\n\n<p class=\"has-cyan-bluish-gray-background-color has-background\"><em>Datensicherheit<\/em> | Der Schutz Ihrer personenbezogenen Daten ist uns wichtig. Wir verwenden geeignete technische und organisatorische Ma\u00dfnahmen und Sicherheitsvorkehrungen, die f\u00fcr den Schutz gegen die zuf\u00e4llige oder unrechtm\u00e4\u00dfige Zerst\u00f6rung, den zuf\u00e4lligen Verlust, die unberechtigte \u00c4nderung, die unberechtigte Weitergabe oder den unberechtigten Zugang und jede andere Form der unrechtm\u00e4\u00dfigen Verarbeitung Ihrer personenbezogenen Daten erforderlich sind. Der Umgang mit personenbezogenen Daten ist \u00fcber die Technisch Organisatorischen Ma\u00dfnahmen in der Bundesgesch\u00e4ftsstelle geregelt. Dazu z\u00e4hlen die Zutritts-, Zugangs-, Zugriffs-, Weitergabe, Eingabe-, Auftrags-, und Verf\u00fcgbarkeitskontrolle sowie das Trennungsgebot und die Verschl\u00fcsslung.<\/p>\n\n\n\n<p class=\"has-cyan-bluish-gray-background-color has-background\"><em>Rechte der Betroffenen<\/em> | Soweit wir Ihre personenbezogenen Daten verarbeiten, stehen Ihnen die folgenden Rechte zu: <strong>Recht auf Widerruf einer gegebenen Einwilligung<\/strong> &#8211; Sofern die Verarbeitung der personenbezogenen Daten auf einer erteilten Einwilligung beruht, haben Sie das Recht, diese Einwilligung zu widerrufen. Der Widerruf gilt f\u00fcr die Zukunft. <strong>Recht auf Auskunft<\/strong> &#8211; Sie k\u00f6nnen von uns eine Best\u00e4tigung dar\u00fcber zu verlangen, ob wir Sie betreffende personenbezogene Daten verarbeiten. Ist dies der Fall ist, k\u00f6nnen Sie die folgenden Ausk\u00fcnfte verlangen: die Zwecke der Verarbeitung \/ welche personenbezogenen Daten verarbeitet werden \/ die Empf\u00e4nger*innen der Daten im Falle einer Daten\u00fcbermittlung an Dritte, sowie den Namen und das Sitzland der*des Dritten \/ die Speicherdauer der Daten \/ das Bestehen eines Beschwerderechts bei der zust\u00e4ndigen Aufsichtsbeh\u00f6rde \/ soweit die Daten nicht bei Ihnen direkt erhoben wurden, alle verf\u00fcgbaren Informationen \u00fcber die Herkunft der Daten. Die gew\u00fcnschte Auskunft wird Ihnen l\u00e4ngstens binnen eines Monats nach Eingang des schriftlichen Auskunftsersuchens gegeben. Wir weisen Siedarauf hin, dass Ausk\u00fcnfte nur gegeben werden k\u00f6nnen, wenn die Identit\u00e4t des Antragstellers eindeutig feststellbar ist. <strong>Recht auf Berichtigung<\/strong> &#8211; Sie haben das Recht, von uns unverz\u00fcglich die Berichtigung Ihrer personenbezogenen Daten zu verlangen, wenn diese unrichtig sind. <strong>Recht auf Datenl\u00f6schung<\/strong> &#8211; Sie haben das Recht, von uns zu verlangen, dass Ihre personenbezogenen Daten gel\u00f6scht werden, soweit einer der folgenden Gr\u00fcnde zutrifft. Diese d\u00fcrfen nicht im Widerspruch zueinanderstehen. Die personenbezogenen Daten sind f\u00fcr die Zwecke, f\u00fcr die sie erhoben oder verarbeitet wurden, nicht mehr notwendig. Es besteht f\u00fcr uns keine gesetzliche Pflicht die Daten zu speichern. Sie widerrufen Ihre Einwilligung, auf die sich die Verarbeitung st\u00fctzte, und es existiert keine anderweitige Rechtsgrundlage f\u00fcr die Speicherung. Sie legen Widerspruch gegen die Verarbeitung ein und es liegt keine Rechtsgrundlage f\u00fcr eine weitere Speicherung vor. Die personenbezogenen Daten wurden von vorn herein unrechtm\u00e4\u00dfig erhoben und verarbeitet. <strong>Recht auf Einschr\u00e4nkung der Verarbeitung <\/strong>&#8211; Sie haben das Recht, von uns die Einschr\u00e4nkung der Verarbeitung Ihrer personenbezogenen Daten zu verlangen, wenn eine der folgenden Voraussetzungen gegeben ist: Sie bestreiten die Richtigkeit der Verarbeitung Ihrer personenbezogenen Daten f\u00fcr eine Dauer, die es uns erm\u00f6glicht, die Richtigkeit der personenbezogenen Daten zu \u00fcberpr\u00fcfen \/ die Verarbeitung Ihrer personenbezogenen Daten ist eigentlich unrechtm\u00e4\u00dfig und Sie verlangen anstelle der L\u00f6schung die Einschr\u00e4nkung der Nutzung der personenbezogenen Daten \/ wir ben\u00f6tigen die personenbezogenen Daten f\u00fcr die Zwecke der Verarbeitung nicht l\u00e4nger, Sie ben\u00f6tigen diese jedoch zur Geltendmachung Ihrer Rechtsanspr\u00fcche \/ oder Sie haben Widerspruch gegen die Verarbeitung eingelegt, es aber noch nicht feststeht, ob unsere berechtigten Interessen Ihre berechtigten Interessen \u00fcberwiegen. <strong>Recht auf Daten\u00fcbertragbarkeit<\/strong> &#8211; Sie haben das Recht, die Sie betreffenden personenbezogenen Daten, die bei uns gespeichert sind, in einem g\u00e4ngigen und maschinenlesbaren Format zu erhalten, und Sie haben das Recht, diese Daten einem anderen Verantwortlichen ohne Behinderung durch uns, zu \u00fcbermitteln. <strong>Widerspruchsrecht<\/strong> &#8211; Sie haben das Recht, jederzeit gegen die Verarbeitung Ihrer personenbezogenen Daten, die aufgrund von Art. 6 Abs. 1 lit. e) oder f) DSGVO erfolgt, Widerspruch einzulegen. Wir verarbeiten diese Daten dann nicht mehr, es sei denn, wir k\u00f6nnen schutzw\u00fcrdige Gr\u00fcnde f\u00fcr die Verarbeitung nachweisen, die Ihre Interessen, \u00fcberwiegen. <strong>Recht auf Beschwerde bei einer Aufsichtsbeh\u00f6rde<\/strong> &#8211; Sie haben das Recht auf Beschwerde bei der f\u00fcr die verantwortliche Stelle zust\u00e4ndigen Datenschutzaufsichtsbeh\u00f6rde.<\/p>\n\n\n\n<p class=\"has-cyan-bluish-gray-background-color has-background\"><em>Weitere Informationen + Kontakte<\/em> | Wenn Sie weitere Fragen zum Thema \u201cDatenschutz bei der verantwortlichen Stelle\u201d haben, wenden Sie sich an den gesch\u00e4ftsf\u00fchrenden Vorstand des Interessenverbands Tauernh\u00f6henweg e.V. Sie k\u00f6nnen erfragen, welche Ihrer Daten bei uns gespeichert sind. Dar\u00fcber hinaus k\u00f6nnen Sie Ausk\u00fcnfte, L\u00f6schungs-und Berichtigungsw\u00fcnsche zu Ihren Daten und gerne auch Anregungen jederzeit per Brief oder E-Mail an folgende Adresse senden: INTERESSENVERBAND TAUERNH\u00d6HENWEG E.V. | c\/o DAV-Sektion M\u00fclheim an der Ruhr e.V. | Bruchstra\u00dfe 72 | D 45468 M\u00fclheim an der Ruhr | interessenverband@tauernhoehenweg.at | interessenverband@tauernhoehenweg.de<\/p>\n","protected":false},"excerpt":{"rendered":"<p>IMPRESSUM. INTERESSENVERBAND TAUERNH\u00d6HENWEG E.V. Vereinsregister+Steuerdaten | VR 5942 | Amtsgericht Duisburg (D) | StNr 120 5702 1674 | Finanzamt M\u00fclheim an der Ruhr | als gemeinn\u00fctzig anerkannt Anschrift | c\/o DAV-Sektion M\u00fclheim an der Ruhr e.V. | Bruchstra\u00dfe 72 | D 45468 M\u00fclheim an der Ruhr | interessenverband@tauernhoehenweg.at | interessenverband@tauernhoehenweg.de Bankverbindung | Raiffeisenbank Lurnfeld-M\u00f6lltal | &hellip; <\/p>\n<p class=\"link-more\"><a href=\"https:\/\/xn--tauernhhenweg-omb.com\/?page_id=3\" class=\"more-link\">Mehr <span class=\"screen-reader-text\">\u00fcber &#8222;Impressum + Datenschutz.&#8220; <\/span>Lesen<\/a><\/p>\n","protected":false},"author":1,"featured_media":0,"parent":0,"menu_order":0,"comment_status":"closed","ping_status":"open","template":"","meta":{"inspiro_hide_title":false,"footnotes":""},"class_list":["post-3","page","type-page","status-publish","hentry"],"_links":{"self":[{"href":"https:\/\/xn--tauernhhenweg-omb.com\/index.php?rest_route=\/wp\/v2\/pages\/3","targetHints":{"allow":["GET"]}}],"collection":[{"href":"https:\/\/xn--tauernhhenweg-omb.com\/index.php?rest_route=\/wp\/v2\/pages"}],"about":[{"href":"https:\/\/xn--tauernhhenweg-omb.com\/index.php?rest_route=\/wp\/v2\/types\/page"}],"author":[{"embeddable":true,"href":"https:\/\/xn--tauernhhenweg-omb.com\/index.php?rest_route=\/wp\/v2\/users\/1"}],"replies":[{"embeddable":true,"href":"https:\/\/xn--tauernhhenweg-omb.com\/index.php?rest_route=%2Fwp%2Fv2%2Fcomments&post=3"}],"version-history":[{"count":5,"href":"https:\/\/xn--tauernhhenweg-omb.com\/index.php?rest_route=\/wp\/v2\/pages\/3\/revisions"}],"predecessor-version":[{"id":1381,"href":"https:\/\/xn--tauernhhenweg-omb.com\/index.php?rest_route=\/wp\/v2\/pages\/3\/revisions\/1381"}],"wp:attachment":[{"href":"https:\/\/xn--tauernhhenweg-omb.com\/index.php?rest_route=%2Fwp%2Fv2%2Fmedia&parent=3"}],"curies":[{"name":"wp","href":"https:\/\/api.w.org\/{rel}","templated":true}]}}