{"id":565,"date":"2023-05-02T15:52:38","date_gmt":"2023-05-02T15:52:38","guid":{"rendered":"https:\/\/xn--tauernhhenweg-omb.com\/?page_id=565"},"modified":"2025-05-12T17:35:39","modified_gmt":"2025-05-12T17:35:39","slug":"wegepunkt-3-hochtor-2-505m","status":"publish","type":"page","link":"https:\/\/xn--tauernhhenweg-omb.com\/?page_id=565","title":{"rendered":"3: Hochtor (2.505m)"},"content":{"rendered":"\n<p class=\"has-light-green-cyan-background-color has-background\"><strong>N\u00e4chstgelege(n) H\u00dcTTE(N):<\/strong> <strong>Zittelhaus<\/strong> in s\u00fcd\u00f6stlicher Richtung <em>(ca. 5,5 Std. Gehzeit, schwarz)<\/em>, <strong>Glocknerhaus<\/strong> in westlicher Richtung <em>(ca. 5,0 Std. Gehzeit, schwarz)<\/em>, <strong>Wallackhaus<\/strong> in s\u00fcdlicher Richtung <em>(ca. 1,0 Std. Gehzeit, rot)<\/em><\/p>\n\n\n\n<div class=\"wp-block-buttons is-layout-flex wp-block-buttons-is-layout-flex\">\n<div class=\"wp-block-button\"><a class=\"wp-block-button__link has-black-color has-light-green-cyan-background-color has-text-color has-background wp-element-button\" href=\"https:\/\/www.alpenvereinaktiv.com\/de\/bewirtschaftete-huette\/zittel-haus\/6938487\/\" target=\"_blank\" rel=\"noreferrer noopener\">Zittelhaus (3.011m)<\/a><\/div>\n\n\n\n<div class=\"wp-block-button\"><a class=\"wp-block-button__link has-black-color has-light-green-cyan-background-color has-text-color has-background wp-element-button\" href=\"https:\/\/www.alpenvereinaktiv.com\/de\/bewirtschaftete-huette\/glockner-haus\/6938101\/\" target=\"_blank\" rel=\"noreferrer noopener\">Glocknerhaus (2.132m)<\/a><\/div>\n\n\n\n<div class=\"wp-block-button\"><a class=\"wp-block-button__link has-black-color has-light-green-cyan-background-color has-text-color has-background wp-element-button\" href=\"https:\/\/regiojethotels.at\/hotel-wallackhaus\" target=\"_blank\" rel=\"noreferrer noopener\">Wallackhaus (2.304m)<\/a><\/div>\n<\/div>\n\n\n\n<div style=\"height:25px\" aria-hidden=\"true\" class=\"wp-block-spacer\"><\/div>\n\n\n\n<p class=\"has-cyan-bluish-gray-background-color has-background\"><strong>N\u00e4chstgelegene(r) TALORT(E):<\/strong> <strong>Heiligenblut<\/strong> in s\u00fcdlicher Richtung <em>(ca. 4,0 Std. Gehzeit, rot)<\/em>, <strong>Fusch<\/strong> an der Gro\u00dfglockner Hochalpenstra\u00dfe <em>(ca. 5,0 Std. Gehzeit, rot)<\/em><\/p>\n\n\n\n<div class=\"wp-block-buttons is-layout-flex wp-block-buttons-is-layout-flex\">\n<div class=\"wp-block-button\"><a class=\"wp-block-button__link has-black-color has-cyan-bluish-gray-background-color has-text-color has-background wp-element-button\" href=\"https:\/\/heiligenblut.at\/\" target=\"_blank\" rel=\"noreferrer noopener\">Heiligenblut (1.288m)<\/a><\/div>\n\n\n\n<div class=\"wp-block-button\"><a class=\"wp-block-button__link has-black-color has-cyan-bluish-gray-background-color has-text-color has-background wp-element-button\" href=\"https:\/\/www.bruck-fusch.at\/de\/sommer\/grossglockner-hochalpenstrasse\/\" target=\"_blank\" rel=\"noreferrer noopener\">Fusch (813m)<\/a><\/div>\n<\/div>\n\n\n\n<div style=\"height:25px\" aria-hidden=\"true\" class=\"wp-block-spacer\"><\/div>\n\n\n\n<p class=\"has-pale-cyan-blue-background-color has-background\"><strong>N\u00e4chstgelegene(n) \u00d6PNV-HALTESTELLE(N):<\/strong> sehr sporadisch Hochtor \u2013 Gro\u00dfglockner Hochalpenstra\u00dfe&nbsp;<em>(ca. 5 Min. Gehzeit, blau)<\/em>, Ferleiten bei Fusch in n\u00f6rdlicher Richtung <em>(ca. 3,0 Std. Gehzeit, rot)<\/em>, Kasereck in s\u00fcdlicher Richtung <em>(ca. 2,5 Std. Gehzeit, rot)<\/em><\/p>\n\n\n\n<div class=\"wp-block-buttons is-layout-flex wp-block-buttons-is-layout-flex\">\n<div class=\"wp-block-button\"><a class=\"wp-block-button__link has-black-color has-pale-cyan-blue-background-color has-text-color has-background wp-element-button\" href=\"https:\/\/www.grossglockner.at\/de\/fuer-ihren-besuch\/glocknerbus\" target=\"_blank\" rel=\"noreferrer noopener\">Hochtor (2.505m)<\/a><\/div>\n\n\n\n<div class=\"wp-block-button\"><a class=\"wp-block-button__link has-black-color has-pale-cyan-blue-background-color has-text-color has-background wp-element-button\" href=\"https:\/\/salzburg-verkehr.at\/downloads\/regionalbus-650-zell-am-see-bruck-a-d-glocknerstrasse-fusch-ferleiten-3\/\" target=\"_blank\" rel=\"noreferrer noopener\">Ferleiten bei Fusch (1.145m)<\/a><\/div>\n\n\n\n<div class=\"wp-block-button\"><a class=\"wp-block-button__link has-black-color has-pale-cyan-blue-background-color has-text-color has-background wp-element-button\" href=\"https:\/\/www.kaerntner-linien.at\/wp-content\/uploads\/9546-heiligenblut-franz-josefs.hoehe_.01.06.-14.9.2025.pdf\" target=\"_blank\" rel=\"noreferrer noopener\">Kasereck (1.910m)<\/a><\/div>\n<\/div>\n\n\n\n<div style=\"height:25px\" aria-hidden=\"true\" class=\"wp-block-spacer\"><\/div>\n","protected":false},"excerpt":{"rendered":"<p>N\u00e4chstgelege(n) H\u00dcTTE(N): Zittelhaus in s\u00fcd\u00f6stlicher Richtung (ca. 5,5 Std. Gehzeit, schwarz), Glocknerhaus in westlicher Richtung (ca. 5,0 Std. Gehzeit, schwarz), Wallackhaus in s\u00fcdlicher Richtung (ca. 1,0 Std. Gehzeit, rot) N\u00e4chstgelegene(r) TALORT(E): Heiligenblut in s\u00fcdlicher Richtung (ca. 4,0 Std. Gehzeit, rot), Fusch an der Gro\u00dfglockner Hochalpenstra\u00dfe (ca. 5,0 Std. Gehzeit, rot) N\u00e4chstgelegene(n) \u00d6PNV-HALTESTELLE(N): sehr sporadisch Hochtor &hellip; <\/p>\n<p class=\"link-more\"><a href=\"https:\/\/xn--tauernhhenweg-omb.com\/?page_id=565\" class=\"more-link\">Mehr <span class=\"screen-reader-text\">\u00fcber &#8222;3: Hochtor (2.505m)&#8220; <\/span>Lesen<\/a><\/p>\n","protected":false},"author":1,"featured_media":566,"parent":167,"menu_order":3,"comment_status":"open","ping_status":"closed","template":"","meta":{"inspiro_hide_title":false,"footnotes":""},"class_list":["post-565","page","type-page","status-publish","has-post-thumbnail","hentry"],"_links":{"self":[{"href":"https:\/\/xn--tauernhhenweg-omb.com\/index.php?rest_route=\/wp\/v2\/pages\/565","targetHints":{"allow":["GET"]}}],"collection":[{"href":"https:\/\/xn--tauernhhenweg-omb.com\/index.php?rest_route=\/wp\/v2\/pages"}],"about":[{"href":"https:\/\/xn--tauernhhenweg-omb.com\/index.php?rest_route=\/wp\/v2\/types\/page"}],"author":[{"embeddable":true,"href":"https:\/\/xn--tauernhhenweg-omb.com\/index.php?rest_route=\/wp\/v2\/users\/1"}],"replies":[{"embeddable":true,"href":"https:\/\/xn--tauernhhenweg-omb.com\/index.php?rest_route=%2Fwp%2Fv2%2Fcomments&post=565"}],"version-history":[{"count":11,"href":"https:\/\/xn--tauernhhenweg-omb.com\/index.php?rest_route=\/wp\/v2\/pages\/565\/revisions"}],"predecessor-version":[{"id":1262,"href":"https:\/\/xn--tauernhhenweg-omb.com\/index.php?rest_route=\/wp\/v2\/pages\/565\/revisions\/1262"}],"up":[{"embeddable":true,"href":"https:\/\/xn--tauernhhenweg-omb.com\/index.php?rest_route=\/wp\/v2\/pages\/167"}],"wp:featuredmedia":[{"embeddable":true,"href":"https:\/\/xn--tauernhhenweg-omb.com\/index.php?rest_route=\/wp\/v2\/media\/566"}],"wp:attachment":[{"href":"https:\/\/xn--tauernhhenweg-omb.com\/index.php?rest_route=%2Fwp%2Fv2%2Fmedia&parent=565"}],"curies":[{"name":"wp","href":"https:\/\/api.w.org\/{rel}","templated":true}]}}