{"id":60,"date":"2022-03-22T13:44:14","date_gmt":"2022-03-22T13:44:14","guid":{"rendered":"https:\/\/xn--tauernhhenweg-omb.com\/?page_id=60"},"modified":"2024-10-23T13:34:15","modified_gmt":"2024-10-23T13:34:15","slug":"tauernhoehenweg","status":"publish","type":"page","link":"https:\/\/xn--tauernhhenweg-omb.com\/?page_id=60","title":{"rendered":"Der Tauernh\u00f6henweg."},"content":{"rendered":"\n<h2 class=\"wp-block-heading has-light-green-cyan-color has-text-color\">ABENTEUER.HOHE.TAUERN.<\/h2>\n\n\n\n<figure class=\"wp-block-embed is-type-video is-provider-youtube wp-block-embed-youtube wp-embed-aspect-16-9 wp-has-aspect-ratio\"><div class=\"wp-block-embed__wrapper\">\n<iframe loading=\"lazy\" title=\"IVT Trailer THW 202106 04\" width=\"950\" height=\"534\" src=\"https:\/\/www.youtube.com\/embed\/lmmEjD-_By4?feature=oembed\" frameborder=\"0\" allow=\"accelerometer; autoplay; clipboard-write; encrypted-media; gyroscope; picture-in-picture; web-share\" referrerpolicy=\"strict-origin-when-cross-origin\" allowfullscreen><\/iframe>\n<\/div><\/figure>\n\n\n\n<h2 class=\"wp-block-heading has-light-green-cyan-color has-text-color\">Touren.Begeistert.<\/h2>\n\n\n\n<p class=\"has-light-green-cyan-background-color has-background\">Der TAUERNH\u00d6HENWEG ist <strong>eine gro\u00dfe Herausforderung<\/strong>. Er stellt hohe Anforderungen an die bergsteigerische Kompetenz, die k\u00f6rperliche Konstitution und Kondition wie auch ans Material. Die Belohnung: ein einmaliges Tourenerlebnis auf einer der l\u00e4ngsten Ost-West-Routen der Alpen <strong>mit einem Netz an bewirtschafteten und Selbstversorgungsh\u00fctten<\/strong>, das es m\u00f6glich macht, auch zehn Tage und mehr &#8222;ohne Bodenkontakt&#8220; im Hochgebirge unterwegs zu sein. Und die bezaubernden <strong>Talorte mit<\/strong> ihrem <strong>urspr\u00fcnglichen Charakter<\/strong> und ihrer Gastfreundlichkeit bieten den richtigen Rahmen f\u00fcr die Einstimmung vor und die Erholung nach der Tour.<\/p>\n\n\n\n<div class=\"wp-block-buttons is-content-justification-space-between is-layout-flex wp-container-core-buttons-is-layout-b2891da8 wp-block-buttons-is-layout-flex\">\n<div class=\"wp-block-button\"><a class=\"wp-block-button__link has-black-color has-light-green-cyan-background-color has-text-color has-background wp-element-button\" href=\"https:\/\/xn--tauernhhenweg-omb.com\/?page_id=167\">Der Weg<\/a><\/div>\n\n\n\n<div class=\"wp-block-button\"><a class=\"wp-block-button__link has-black-color has-light-green-cyan-background-color has-text-color has-background wp-element-button\" href=\"https:\/\/xn--tauernhhenweg-omb.com\/?page_id=169\">Die H\u00fctten<\/a><\/div>\n\n\n\n<div class=\"wp-block-button\"><a class=\"wp-block-button__link has-black-color has-light-green-cyan-background-color has-text-color has-background wp-element-button\" href=\"https:\/\/xn--tauernhhenweg-omb.com\/?page_id=171\">Die Talorte<\/a><\/div>\n<\/div>\n\n\n\n<div style=\"height:25px\" aria-hidden=\"true\" class=\"wp-block-spacer\"><\/div>\n\n\n\n<figure class=\"wp-block-image size-large\"><img loading=\"lazy\" decoding=\"async\" width=\"1024\" height=\"683\" src=\"https:\/\/xn--tauernhhenweg-omb.com\/wp-content\/uploads\/2022\/05\/IVT_Der-THW_008fgp-1024x683.jpg\" alt=\"\" class=\"wp-image-327\" srcset=\"https:\/\/xn--tauernhhenweg-omb.com\/wp-content\/uploads\/2022\/05\/IVT_Der-THW_008fgp-1024x683.jpg 1024w, https:\/\/xn--tauernhhenweg-omb.com\/wp-content\/uploads\/2022\/05\/IVT_Der-THW_008fgp-300x200.jpg 300w, https:\/\/xn--tauernhhenweg-omb.com\/wp-content\/uploads\/2022\/05\/IVT_Der-THW_008fgp-768x512.jpg 768w, https:\/\/xn--tauernhhenweg-omb.com\/wp-content\/uploads\/2022\/05\/IVT_Der-THW_008fgp-1536x1024.jpg 1536w, https:\/\/xn--tauernhhenweg-omb.com\/wp-content\/uploads\/2022\/05\/IVT_Der-THW_008fgp-2048x1366.jpg 2048w, https:\/\/xn--tauernhhenweg-omb.com\/wp-content\/uploads\/2022\/05\/IVT_Der-THW_008fgp-2000x1334.jpg 2000w\" sizes=\"auto, (max-width: 1024px) 100vw, 1024px\" \/><\/figure>\n\n\n\n<h2 class=\"wp-block-heading has-tertiary-color has-background-background-color has-text-color has-background has-link-color wp-elements-ff72e9773851e26efc30910e2c5a909e\">Inspiration.Gef\u00e4llig.<\/h2>\n\n\n\n<p class=\"has-background\" style=\"background-color:#abb8c3\">Der TAUERNH\u00d6HENWEG und die gesamte Region bieten <strong>unz\u00e4hlige Tourenm\u00f6glichkeiten<\/strong> &#8211; vom Tagesausflug ins Hochgebirge bis hin zu mehrt\u00e4gigen H\u00fcttentouren &#8222;ohne Bodenkontakt&#8220;. Genauso vielf\u00e4ltig sind erg\u00e4nzend zu dieser Seite die vorhandenen <strong>Medien \u00fcber das Gebiet und Informationen zur Tourenplanung<\/strong>, die wir hier <strong>in Zusammenarbeit mit unseren Partner*innen<\/strong> zusammenstellen. Nur ein Klick also, um einzutauchen in die Welt des Tauernh\u00f6henwegs und seiner fantastischen Hochgebirgsregion am Alpenhauptkamm zwischen Hochalmspitze und Gro\u00dfglockner &#8230;<\/p>\n\n\n\n<div class=\"wp-block-buttons is-layout-flex wp-block-buttons-is-layout-flex\">\n<div class=\"wp-block-button\"><a class=\"wp-block-button__link has-black-color has-cyan-bluish-gray-background-color has-text-color has-background wp-element-button\" href=\"https:\/\/www.alpenverein.de\/der-dav\/ueber-uns\/bergpodcast\/auf-dem-tauernhoehenweg_aid_34554.html\" target=\"_blank\" rel=\"noreferrer noopener\">DAV-Podcast<\/a><\/div>\n\n\n\n<div class=\"wp-block-button\"><a class=\"wp-block-button__link has-black-color has-cyan-bluish-gray-background-color has-text-color has-background wp-element-button\" href=\"https:\/\/my.hidrive.com\/lnk\/PAnogdMY\" target=\"_blank\" rel=\"noreferrer noopener\">Impressionen<\/a><\/div>\n\n\n\n<div class=\"wp-block-button\"><a class=\"wp-block-button__link has-black-color has-cyan-bluish-gray-background-color has-text-color has-background wp-element-button\" href=\"https:\/\/www.alpenvereinaktiv.com\/de\/suche\/?q=tauernh%C3%B6henweg\" target=\"_blank\" rel=\"noreferrer noopener\">alpenvereinaktiv.com<\/a><\/div>\n\n\n\n<div class=\"wp-block-button\"><a class=\"wp-block-button__link has-primary-color has-text-color has-background has-link-color wp-element-button\" href=\"https:\/\/www.tauernhoehenwege.org\/\" style=\"background-color:#abb8c3\" target=\"_blank\" rel=\"noreferrer noopener\">tauernhoehenwege.org<\/a><\/div>\n<\/div>\n\n\n\n<div style=\"height:25px\" aria-hidden=\"true\" class=\"wp-block-spacer\"><\/div>\n","protected":false},"excerpt":{"rendered":"<p>ABENTEUER.HOHE.TAUERN. Touren.Begeistert. Der TAUERNH\u00d6HENWEG ist eine gro\u00dfe Herausforderung. Er stellt hohe Anforderungen an die bergsteigerische Kompetenz, die k\u00f6rperliche Konstitution und Kondition wie auch ans Material. Die Belohnung: ein einmaliges Tourenerlebnis auf einer der l\u00e4ngsten Ost-West-Routen der Alpen mit einem Netz an bewirtschafteten und Selbstversorgungsh\u00fctten, das es m\u00f6glich macht, auch zehn Tage und mehr &#8222;ohne Bodenkontakt&#8220; &hellip; <\/p>\n<p class=\"link-more\"><a href=\"https:\/\/xn--tauernhhenweg-omb.com\/?page_id=60\" class=\"more-link\">Mehr <span class=\"screen-reader-text\">\u00fcber &#8222;Der Tauernh\u00f6henweg.&#8220; <\/span>Lesen<\/a><\/p>\n","protected":false},"author":3,"featured_media":163,"parent":0,"menu_order":0,"comment_status":"closed","ping_status":"closed","template":"","meta":{"inspiro_hide_title":false,"footnotes":""},"class_list":["post-60","page","type-page","status-publish","has-post-thumbnail","hentry"],"_links":{"self":[{"href":"https:\/\/xn--tauernhhenweg-omb.com\/index.php?rest_route=\/wp\/v2\/pages\/60","targetHints":{"allow":["GET"]}}],"collection":[{"href":"https:\/\/xn--tauernhhenweg-omb.com\/index.php?rest_route=\/wp\/v2\/pages"}],"about":[{"href":"https:\/\/xn--tauernhhenweg-omb.com\/index.php?rest_route=\/wp\/v2\/types\/page"}],"author":[{"embeddable":true,"href":"https:\/\/xn--tauernhhenweg-omb.com\/index.php?rest_route=\/wp\/v2\/users\/3"}],"replies":[{"embeddable":true,"href":"https:\/\/xn--tauernhhenweg-omb.com\/index.php?rest_route=%2Fwp%2Fv2%2Fcomments&post=60"}],"version-history":[{"count":32,"href":"https:\/\/xn--tauernhhenweg-omb.com\/index.php?rest_route=\/wp\/v2\/pages\/60\/revisions"}],"predecessor-version":[{"id":1156,"href":"https:\/\/xn--tauernhhenweg-omb.com\/index.php?rest_route=\/wp\/v2\/pages\/60\/revisions\/1156"}],"wp:featuredmedia":[{"embeddable":true,"href":"https:\/\/xn--tauernhhenweg-omb.com\/index.php?rest_route=\/wp\/v2\/media\/163"}],"wp:attachment":[{"href":"https:\/\/xn--tauernhhenweg-omb.com\/index.php?rest_route=%2Fwp%2Fv2%2Fmedia&parent=60"}],"curies":[{"name":"wp","href":"https:\/\/api.w.org\/{rel}","templated":true}]}}