{"id":600,"date":"2023-05-07T13:16:34","date_gmt":"2023-05-07T13:16:34","guid":{"rendered":"https:\/\/xn--tauernhhenweg-omb.com\/?page_id=600"},"modified":"2025-05-12T17:39:52","modified_gmt":"2025-05-12T17:39:52","slug":"wegepunkt-5-goldechscharte-2-857m","status":"publish","type":"page","link":"https:\/\/xn--tauernhhenweg-omb.com\/?page_id=600","title":{"rendered":"5: Goldzechscharte (2.857m)"},"content":{"rendered":"\n<p class=\"has-light-green-cyan-background-color has-background\"><strong>N\u00e4chstgelegene(n) H\u00dcTTE(N):<\/strong> <strong>Otto Umlauft Biwak<\/strong> in nordwestlicher Richtung&nbsp;<em>(ca. 1,5 Std. Gehzeit, schwarz)<\/em>, <strong>Wallackhaus<\/strong> in westlicher Richtung&nbsp;<em>(ca. 5,5 Std. Gehzeit, schwarz)<\/em>, <strong>Zittelhaus<\/strong> in s\u00fcd\u00f6stlicher Richtung&nbsp;<em>(ca. 2,0 Std. Gehzeit, schwarz)<\/em>, <strong>Naturfreundehaus Kolm-Saigurn<\/strong>&nbsp;<em>(ca. 2,5 Std. Gehzeit, rot)<\/em><\/p>\n\n\n\n<div class=\"wp-block-buttons is-layout-flex wp-block-buttons-is-layout-flex\">\n<div class=\"wp-block-button\"><a class=\"wp-block-button__link has-black-color has-light-green-cyan-background-color has-text-color has-background wp-element-button\" href=\"https:\/\/www.alpenvereinaktiv.com\/de\/biwak\/otto-umlauft-biwak\/6938316\/\" target=\"_blank\" rel=\"noreferrer noopener\">Otto Umlauft Biwak (2.987m)<\/a><\/div>\n\n\n\n<div class=\"wp-block-button\"><a class=\"wp-block-button__link has-black-color has-light-green-cyan-background-color has-text-color has-background wp-element-button\" href=\"https:\/\/regiojethotels.at\/hotel-wallackhaus\" target=\"_blank\" rel=\"noreferrer noopener\">Wallackhaus (2.304m)<\/a><\/div>\n\n\n\n<div class=\"wp-block-button\"><a class=\"wp-block-button__link has-black-color has-light-green-cyan-background-color has-text-color has-background wp-element-button\" href=\"https:\/\/www.alpenvereinaktiv.com\/de\/bewirtschaftete-huette\/zittel-haus\/6938487\/\" target=\"_blank\" rel=\"noreferrer noopener\">Zittelhaus (3.105m)<\/a><\/div>\n\n\n\n<div class=\"wp-block-button\"><a class=\"wp-block-button__link has-black-color has-light-green-cyan-background-color has-text-color has-background wp-element-button\" href=\"https:\/\/www.alpenvereinaktiv.com\/de\/bewirtschaftete-huette\/naturfreundehaus-kolm-saigurn\/40116289\/\" target=\"_blank\" rel=\"noreferrer noopener\">Naturfreundehaus Kolm-Saigurn (1.598m)<\/a><\/div>\n<\/div>\n\n\n\n<div style=\"height:25px\" aria-hidden=\"true\" class=\"wp-block-spacer\"><\/div>\n\n\n\n<p class=\"has-cyan-bluish-gray-background-color has-background\"><strong>N\u00e4chstgelegene(r) TALORT(E):<\/strong> <strong>Heiligenblut<\/strong> in westlicher Richtung&nbsp;<em>(ca. 4,0 Std. Gehzeit, rot)<\/em>, <strong>Kolm-Saigurn<\/strong> in \u00f6stlicher Richtung&nbsp;<em>(ca. 2,5 Std. Gehzeit, rot)<\/em><\/p>\n\n\n\n<div class=\"wp-block-buttons is-layout-flex wp-block-buttons-is-layout-flex\">\n<div class=\"wp-block-button\"><a class=\"wp-block-button__link has-black-color has-cyan-bluish-gray-background-color has-text-color has-background wp-element-button\" href=\"https:\/\/heiligenblut.at\/\" target=\"_blank\" rel=\"noreferrer noopener\">Heiligenblut (1.288m)<\/a><\/div>\n\n\n\n<div class=\"wp-block-button\"><a class=\"wp-block-button__link has-black-color has-cyan-bluish-gray-background-color has-text-color has-background wp-element-button\" href=\"https:\/\/www.raurisertal.at\/\" target=\"_blank\" rel=\"noreferrer noopener\">Kolm-Saigurn bei Rauris (1.598m)<\/a><\/div>\n<\/div>\n\n\n\n<div style=\"height:25px\" aria-hidden=\"true\" class=\"wp-block-spacer\"><\/div>\n\n\n\n<p class=\"has-pale-cyan-blue-background-color has-background\"><strong>N\u00e4chstgelegene(n) \u00d6PNV-HALTESTELLEN(N):<\/strong> <strong>Flei\u00dftal-Flei\u00dfkehre<\/strong> in westlicher Richtung&nbsp;<em>(ca. 4,0 Std. Gehzeit, rot)<\/em>, <strong>Kolm-Saigurn<\/strong> in \u00f6stlicher Richtung&nbsp;<em>(ca. 2,5 Std. Gehzeit, rot)<\/em><\/p>\n\n\n\n<div class=\"wp-block-buttons is-layout-flex wp-block-buttons-is-layout-flex\">\n<div class=\"wp-block-button\"><a class=\"wp-block-button__link has-black-color has-pale-cyan-blue-background-color has-text-color has-background wp-element-button\" href=\"https:\/\/www.kaerntner-linien.at\/wp-content\/uploads\/9546-heiligenblut-franz-josefs.hoehe_.01.06.-14.9.2025.pdf\" target=\"_blank\" rel=\"noreferrer noopener\">Flei\u00dftal-Fleisskehre (1.505m)<\/a><\/div>\n\n\n\n<div class=\"wp-block-button\"><a class=\"wp-block-button__link has-black-color has-pale-cyan-blue-background-color has-text-color has-background wp-element-button\" href=\"https:\/\/salzburg-verkehr.at\/downloads\/regionalbus-640-zell-am-see-taxenbach-rauris-bucheben-kolm-saigurn\/\" target=\"_blank\" rel=\"noreferrer noopener\">Kolm-Saigurn (1.598m)<\/a><\/div>\n<\/div>\n\n\n\n<div style=\"height:25px\" aria-hidden=\"true\" class=\"wp-block-spacer\"><\/div>\n","protected":false},"excerpt":{"rendered":"<p>N\u00e4chstgelegene(n) H\u00dcTTE(N): Otto Umlauft Biwak in nordwestlicher Richtung&nbsp;(ca. 1,5 Std. Gehzeit, schwarz), Wallackhaus in westlicher Richtung&nbsp;(ca. 5,5 Std. Gehzeit, schwarz), Zittelhaus in s\u00fcd\u00f6stlicher Richtung&nbsp;(ca. 2,0 Std. Gehzeit, schwarz), Naturfreundehaus Kolm-Saigurn&nbsp;(ca. 2,5 Std. Gehzeit, rot) N\u00e4chstgelegene(r) TALORT(E): Heiligenblut in westlicher Richtung&nbsp;(ca. 4,0 Std. Gehzeit, rot), Kolm-Saigurn in \u00f6stlicher Richtung&nbsp;(ca. 2,5 Std. Gehzeit, rot) N\u00e4chstgelegene(n) \u00d6PNV-HALTESTELLEN(N): Flei\u00dftal-Flei\u00dfkehre &hellip; <\/p>\n<p class=\"link-more\"><a href=\"https:\/\/xn--tauernhhenweg-omb.com\/?page_id=600\" class=\"more-link\">Mehr <span class=\"screen-reader-text\">\u00fcber &#8222;5: Goldzechscharte (2.857m)&#8220; <\/span>Lesen<\/a><\/p>\n","protected":false},"author":1,"featured_media":612,"parent":167,"menu_order":5,"comment_status":"open","ping_status":"closed","template":"","meta":{"inspiro_hide_title":false,"footnotes":""},"class_list":["post-600","page","type-page","status-publish","has-post-thumbnail","hentry"],"_links":{"self":[{"href":"https:\/\/xn--tauernhhenweg-omb.com\/index.php?rest_route=\/wp\/v2\/pages\/600","targetHints":{"allow":["GET"]}}],"collection":[{"href":"https:\/\/xn--tauernhhenweg-omb.com\/index.php?rest_route=\/wp\/v2\/pages"}],"about":[{"href":"https:\/\/xn--tauernhhenweg-omb.com\/index.php?rest_route=\/wp\/v2\/types\/page"}],"author":[{"embeddable":true,"href":"https:\/\/xn--tauernhhenweg-omb.com\/index.php?rest_route=\/wp\/v2\/users\/1"}],"replies":[{"embeddable":true,"href":"https:\/\/xn--tauernhhenweg-omb.com\/index.php?rest_route=%2Fwp%2Fv2%2Fcomments&post=600"}],"version-history":[{"count":7,"href":"https:\/\/xn--tauernhhenweg-omb.com\/index.php?rest_route=\/wp\/v2\/pages\/600\/revisions"}],"predecessor-version":[{"id":1265,"href":"https:\/\/xn--tauernhhenweg-omb.com\/index.php?rest_route=\/wp\/v2\/pages\/600\/revisions\/1265"}],"up":[{"embeddable":true,"href":"https:\/\/xn--tauernhhenweg-omb.com\/index.php?rest_route=\/wp\/v2\/pages\/167"}],"wp:featuredmedia":[{"embeddable":true,"href":"https:\/\/xn--tauernhhenweg-omb.com\/index.php?rest_route=\/wp\/v2\/media\/612"}],"wp:attachment":[{"href":"https:\/\/xn--tauernhhenweg-omb.com\/index.php?rest_route=%2Fwp%2Fv2%2Fmedia&parent=600"}],"curies":[{"name":"wp","href":"https:\/\/api.w.org\/{rel}","templated":true}]}}