{"id":63,"date":"2022-03-22T13:44:14","date_gmt":"2022-03-22T13:44:14","guid":{"rendered":"https:\/\/xn--tauernhhenweg-omb.com\/?page_id=63"},"modified":"2025-08-20T18:56:27","modified_gmt":"2025-08-20T18:56:27","slug":"news","status":"publish","type":"page","link":"https:\/\/xn--tauernhhenweg-omb.com\/?page_id=63","title":{"rendered":"News."},"content":{"rendered":"\n<h2 class=\"wp-block-heading has-light-green-cyan-color has-text-color\">ARTIKEL.BEITR\u00c4GE.NEUIGKEITEN.<\/h2>\n\n\n\n<figure class=\"wp-block-image size-large\"><img loading=\"lazy\" decoding=\"async\" width=\"1024\" height=\"576\" src=\"https:\/\/xn--tauernhhenweg-omb.com\/wp-content\/uploads\/2022\/08\/IVT_News_000mc-1024x576.jpg\" alt=\"\" class=\"wp-image-449\" srcset=\"https:\/\/xn--tauernhhenweg-omb.com\/wp-content\/uploads\/2022\/08\/IVT_News_000mc-1024x576.jpg 1024w, https:\/\/xn--tauernhhenweg-omb.com\/wp-content\/uploads\/2022\/08\/IVT_News_000mc-300x169.jpg 300w, https:\/\/xn--tauernhhenweg-omb.com\/wp-content\/uploads\/2022\/08\/IVT_News_000mc-768x432.jpg 768w, https:\/\/xn--tauernhhenweg-omb.com\/wp-content\/uploads\/2022\/08\/IVT_News_000mc-1536x865.jpg 1536w, https:\/\/xn--tauernhhenweg-omb.com\/wp-content\/uploads\/2022\/08\/IVT_News_000mc.jpg 1961w\" sizes=\"auto, (max-width: 1024px) 100vw, 1024px\" \/><\/figure>\n\n\n\n<h2 class=\"wp-block-heading has-light-green-cyan-color has-text-color\">Neu.Gemacht.<\/h2>\n\n\n\n<p class=\"has-light-green-cyan-background-color has-background\">Alt ist gut? Neu ist besser &#8230; Das denken wir uns zumindest und \u00fcberarbeiten aktuell die Website des Interessenverbands Tauernh\u00f6henweg. Zuk\u00fcnftig entsteht hier eure Informationsquelle f\u00fcr alles, das ihr f\u00fcr eine Begehung des Tauernh\u00f6henwegs oder einen Besuch auf einer unserer H\u00fctten wissen m\u00fcsst. Also schaut euch um, es kommen nach und nach immer mehr spannende neue Inhalte dazu!<\/p>\n\n\n\n<h2 class=\"wp-block-heading has-cyan-bluish-gray-background-color has-background\">Artikel.Beitr\u00e4ge.Neuigkeiten.<\/h2>\n\n\n\n<div class=\"wp-block-buttons is-layout-flex wp-block-buttons-is-layout-flex\">\n<div class=\"wp-block-button\"><a class=\"wp-block-button__link has-primary-color has-text-color has-background has-link-color wp-element-button\" href=\"https:\/\/xn--tauernhhenweg-omb.com\/?p=1374\" style=\"background-color:#abb8c3\">Neuer Vorstand konstituiert<\/a><\/div>\n\n\n\n<div class=\"wp-block-button\"><a class=\"wp-block-button__link has-primary-color has-text-color has-background has-link-color wp-element-button\" href=\"https:\/\/xn--tauernhhenweg-omb.com\/?p=1365\" style=\"background-color:#abb8c3\">Gefahr an der Geisel<\/a><\/div>\n\n\n\n<div class=\"wp-block-button\"><a class=\"wp-block-button__link has-primary-color has-text-color has-background has-link-color wp-element-button\" href=\"https:\/\/xn--tauernhhenweg-omb.com\/?p=1355\" style=\"background-color:#abb8c3\">Pr\u00e4senz der Website<\/a><\/div>\n\n\n\n<div class=\"wp-block-button\"><a class=\"wp-block-button__link has-primary-color has-text-color has-background has-link-color wp-element-button\" href=\"https:\/\/xn--tauernhhenweg-omb.com\/?p=1342\" style=\"background-color:#abb8c3\">\u00c4nderungen im Vorstand<\/a><\/div>\n\n\n\n<div class=\"wp-block-button\"><a class=\"wp-block-button__link has-primary-color has-text-color has-background has-link-color wp-element-button\" href=\"https:\/\/xn--tauernhhenweg-omb.com\/?p=1333\" style=\"background-color:#abb8c3\">Weginfos per QR-Code<\/a><\/div>\n\n\n\n<div class=\"wp-block-button\"><a class=\"wp-block-button__link has-primary-color has-text-color has-background has-link-color wp-element-button\" href=\"https:\/\/xn--tauernhhenweg-omb.com\/?p=1247\" style=\"background-color:#abb8c3\">Mitgliederversammlung 2025<\/a><\/div>\n\n\n\n<div class=\"wp-block-button\"><a class=\"wp-block-button__link has-primary-color has-text-color has-background has-link-color wp-element-button\" href=\"https:\/\/xn--tauernhhenweg-omb.com\/?p=1239\" style=\"background-color:#abb8c3\">8. Forum Anthropoz\u00e4n<\/a><\/div>\n\n\n\n<div class=\"wp-block-button\"><a class=\"wp-block-button__link has-primary-color has-text-color has-background has-link-color wp-element-button\" href=\"https:\/\/xn--tauernhhenweg-omb.com\/?p=1230\" style=\"background-color:#abb8c3\">\u00d6KAS-Tagungsband 2024<\/a><\/div>\n\n\n\n<div class=\"wp-block-button\"><a class=\"wp-block-button__link has-primary-color has-text-color has-background has-link-color wp-element-button\" href=\"https:\/\/xn--tauernhhenweg-omb.com\/?p=1221\" style=\"background-color:#abb8c3\">Vorstandsbericht 2024 ver\u00f6ffentlicht<\/a><\/div>\n\n\n\n<div class=\"wp-block-button\"><a class=\"wp-block-button__link has-primary-color has-text-color has-background has-link-color wp-element-button\" href=\"https:\/\/xn--tauernhhenweg-omb.com\/?p=1196\" style=\"background-color:#abb8c3\">Austausch mit der Nationalparkspitze<\/a><\/div>\n\n\n\n<div class=\"wp-block-button\"><a class=\"wp-block-button__link has-primary-color has-text-color has-background has-link-color wp-element-button\" href=\"https:\/\/xn--tauernhhenweg-omb.com\/?p=1181\" style=\"background-color:#abb8c3\">Danke zum Jahresende<\/a><\/div>\n\n\n\n<div class=\"wp-block-button\"><a class=\"wp-block-button__link has-primary-color has-text-color has-background has-link-color wp-element-button\" href=\"https:\/\/xn--tauernhhenweg-omb.com\/?p=1172\" style=\"background-color:#abb8c3\">\u00d6KAS-Adventskalender<\/a><\/div>\n\n\n\n<div class=\"wp-block-button\"><a class=\"wp-block-button__link has-primary-color has-text-color has-background has-link-color wp-element-button\" href=\"https:\/\/xn--tauernhhenweg-omb.com\/?p=1164\" style=\"background-color:#abb8c3\">Wege + H\u00fctten im Blick<\/a><\/div>\n\n\n\n<div class=\"wp-block-button\"><a class=\"wp-block-button__link has-primary-color has-text-color has-background has-link-color wp-element-button\" href=\"https:\/\/xn--tauernhhenweg-omb.com\/?p=1140\" style=\"background-color:#abb8c3\">Region nachhaltig entwickeln<\/a><\/div>\n\n\n\n<div class=\"wp-block-button\"><a class=\"wp-block-button__link has-text-color has-background has-link-color wp-element-button\" href=\"https:\/\/xn--tauernhhenweg-omb.com\/?p=1122\" style=\"color:#000000;background-color:#abb8c3\">H\u00fcttenschlie\u00dfungen<\/a><\/div>\n\n\n\n<div class=\"wp-block-button\"><a class=\"wp-block-button__link has-foreground-color has-text-color has-background has-link-color wp-element-button\" href=\"https:\/\/xn--tauernhhenweg-omb.com\/?p=1111\" style=\"background-color:#abb8c3\">Gefahr durch Wintereinbruch<\/a><\/div>\n\n\n\n<div class=\"wp-block-button\"><a class=\"wp-block-button__link has-black-color has-cyan-bluish-gray-background-color has-text-color has-background wp-element-button\" href=\"https:\/\/xn--tauernhhenweg-omb.com\/?p=1089\">Ehrenamt im Fokus<\/a><\/div>\n\n\n\n<div class=\"wp-block-button\"><a class=\"wp-block-button__link has-black-color has-cyan-bluish-gray-background-color has-text-color has-background wp-element-button\" href=\"https:\/\/xn--tauernhhenweg-omb.com\/?p=1070\">Notruf aus den Alpen!<\/a><\/div>\n\n\n\n<div class=\"wp-block-button\"><a class=\"wp-block-button__link has-black-color has-cyan-bluish-gray-background-color has-text-color has-background wp-element-button\" href=\"https:\/\/xn--tauernhhenweg-omb.com\/?p=996\">Mitgliederversammlung 2024<\/a><\/div>\n\n\n\n<div class=\"wp-block-button\"><a class=\"wp-block-button__link has-black-color has-cyan-bluish-gray-background-color has-text-color has-background wp-element-button\" href=\"https:\/\/xn--tauernhhenweg-omb.com\/?p=983\">K\u00e4rntner Tourismus wirbt f\u00fcr den Weg<\/a><\/div>\n\n\n\n<div class=\"wp-block-button\"><a class=\"wp-block-button__link has-black-color has-cyan-bluish-gray-background-color has-text-color has-background wp-element-button\" href=\"https:\/\/xn--tauernhhenweg-omb.com\/?p=976\">7. Forum Anthropoz\u00e4n<\/a><\/div>\n\n\n\n<div class=\"wp-block-button\"><a class=\"wp-block-button__link has-black-color has-cyan-bluish-gray-background-color has-text-color has-background wp-element-button\" href=\"https:\/\/xn--tauernhhenweg-omb.com\/?p=957\">Vorstandsbericht 2023 ver\u00f6ffentlicht<\/a><\/div>\n\n\n\n<div class=\"wp-block-button\"><a class=\"wp-block-button__link has-black-color has-cyan-bluish-gray-background-color has-text-color has-background wp-element-button\" href=\"https:\/\/xn--tauernhhenweg-omb.com\/?p=943\">Hannoverhaus unter neuer F\u00fchrung<\/a><\/div>\n\n\n\n<div class=\"wp-block-button\"><a class=\"wp-block-button__link has-black-color has-cyan-bluish-gray-background-color has-text-color has-background wp-element-button\" href=\"https:\/\/xn--tauernhhenweg-omb.com\/?p=914\">Danke f\u00fcrs Miteinander<\/a><\/div>\n\n\n\n<div class=\"wp-block-button\"><a class=\"wp-block-button__link has-black-color has-cyan-bluish-gray-background-color has-text-color has-background wp-element-button\" href=\"https:\/\/xn--tauernhhenweg-omb.com\/?p=911\">Zukunft der Ankogelbahn<\/a><\/div>\n\n\n\n<div class=\"wp-block-button\"><a class=\"wp-block-button__link has-black-color has-cyan-bluish-gray-background-color has-text-color has-background wp-element-button\" href=\"https:\/\/xn--tauernhhenweg-omb.com\/?p=859\">Baudenkmal Tauernhaus<\/a><\/div>\n\n\n\n<div class=\"wp-block-button\"><a class=\"wp-block-button__link has-black-color has-cyan-bluish-gray-background-color has-text-color has-background wp-element-button\" href=\"https:\/\/xn--tauernhhenweg-omb.com\/?p=848\">Mindener H\u00fctte im Wintermodus<\/a><\/div>\n\n\n\n<div class=\"wp-block-button\"><a class=\"wp-block-button__link has-black-color has-cyan-bluish-gray-background-color has-text-color has-background wp-element-button\" href=\"https:\/\/xn--tauernhhenweg-omb.com\/?p=837\">Image-Clip der Hagener H\u00fctte<\/a><\/div>\n\n\n\n<div class=\"wp-block-button\"><a class=\"wp-block-button__link has-black-color has-cyan-bluish-gray-background-color has-text-color has-background wp-element-button\" href=\"https:\/\/xn--tauernhhenweg-omb.com\/?p=830\">Arnoldh\u00f6he wie neu<\/a><\/div>\n\n\n\n<div class=\"wp-block-button\"><a class=\"wp-block-button__link has-black-color has-cyan-bluish-gray-background-color has-text-color has-background wp-element-button\" href=\"https:\/\/xn--tauernhhenweg-omb.com\/?p=803\">Nationalpark-Lok vorgestellt<\/a><\/div>\n\n\n\n<div class=\"wp-block-button\"><a class=\"wp-block-button__link has-black-color has-cyan-bluish-gray-background-color has-text-color has-background wp-element-button\" href=\"https:\/\/xn--tauernhhenweg-omb.com\/?p=797\">Alpine Organisationen im Fokus<\/a><\/div>\n\n\n\n<div class=\"wp-block-button\"><a class=\"wp-block-button__link has-black-color has-cyan-bluish-gray-background-color has-text-color has-background wp-element-button\" href=\"https:\/\/xn--tauernhhenweg-omb.com\/?p=787\">Mitgliederversammlung 2023<\/a><\/div>\n\n\n\n<div class=\"wp-block-button\"><a class=\"wp-block-button__link has-black-color has-cyan-bluish-gray-background-color has-text-color has-background wp-element-button\" href=\"https:\/\/xn--tauernhhenweg-omb.com\/?p=774\">Neue Website online<\/a><\/div>\n\n\n\n<div class=\"wp-block-button\"><a class=\"wp-block-button__link has-black-color has-cyan-bluish-gray-background-color has-text-color has-background wp-element-button\" href=\"https:\/\/xn--tauernhhenweg-omb.com\/?p=741\">Neue Website vor Start<\/a><\/div>\n\n\n\n<div class=\"wp-block-button\"><a class=\"wp-block-button__link has-black-color has-cyan-bluish-gray-background-color has-text-color has-background wp-element-button\" href=\"https:\/\/xn--tauernhhenweg-omb.com\/?p=531\">Mitgliederversammlung 2023<\/a><\/div>\n\n\n\n<div class=\"wp-block-button\"><a class=\"wp-block-button__link has-black-color has-cyan-bluish-gray-background-color has-text-color has-background wp-element-button\" href=\"https:\/\/xn--tauernhhenweg-omb.com\/?p=528\">H\u00fcttentagung ausgesetzt<\/a><\/div>\n\n\n\n<div class=\"wp-block-button\"><a class=\"wp-block-button__link has-black-color has-cyan-bluish-gray-background-color has-text-color has-background wp-element-button\" href=\"https:\/\/xn--tauernhhenweg-omb.com\/?p=511\">H\u00fcttentagung 2023<\/a><\/div>\n\n\n\n<div class=\"wp-block-button\"><a class=\"wp-block-button__link has-black-color has-cyan-bluish-gray-background-color has-text-color has-background wp-element-button\" href=\"https:\/\/xn--tauernhhenweg-omb.com\/?p=508\">Vorstandsbericht 2022 erschienen<\/a><\/div>\n\n\n\n<div class=\"wp-block-button\"><a class=\"wp-block-button__link has-black-color has-cyan-bluish-gray-background-color has-text-color has-background wp-element-button\" href=\"https:\/\/xn--tauernhhenweg-omb.com\/?p=506\">Auf Eis: info-Tafeln f\u00fcrs Hindenbrug-Monument<\/a><\/div>\n\n\n\n<div class=\"wp-block-button\"><a class=\"wp-block-button__link has-black-color has-cyan-bluish-gray-background-color has-text-color has-background wp-element-button\" href=\"https:\/\/xn--tauernhhenweg-omb.com\/?p=491\">Danke f\u00fcr die Zusammenarbeit<\/a><\/div>\n\n\n\n<div class=\"wp-block-button\"><a class=\"wp-block-button__link has-black-color has-cyan-bluish-gray-background-color has-text-color has-background wp-element-button\" href=\"https:\/\/xn--tauernhhenweg-omb.com\/?p=489\">H\u00fctten- + Wege-Datenbank<\/a><\/div>\n\n\n\n<div class=\"wp-block-button\"><a class=\"wp-block-button__link has-black-color has-cyan-bluish-gray-background-color has-text-color has-background wp-element-button\" href=\"https:\/\/xn--tauernhhenweg-omb.com\/?p=487\">Neuer DAV-Pr\u00e4sident<\/a><\/div>\n\n\n\n<div class=\"wp-block-button\"><a class=\"wp-block-button__link has-black-color has-cyan-bluish-gray-background-color has-text-color has-background wp-element-button\" href=\"https:\/\/xn--tauernhhenweg-omb.com\/?p=485\">Neue Klappkarte zum weg<\/a><\/div>\n\n\n\n<div class=\"wp-block-button\"><a class=\"wp-block-button__link has-black-color has-cyan-bluish-gray-background-color has-text-color has-background wp-element-button\" href=\"https:\/\/xn--tauernhhenweg-omb.com\/?p=472\">Neue Ideen f\u00fcr die Hindenburgh\u00f6he<\/a><\/div>\n\n\n\n<div class=\"wp-block-button\"><a class=\"wp-block-button__link has-black-color has-cyan-bluish-gray-background-color has-text-color has-background wp-element-button\" href=\"https:\/\/xn--tauernhhenweg-omb.com\/?p=470\">H\u00fcttentagung verschoben<\/a><\/div>\n\n\n\n<div class=\"wp-block-button\"><a class=\"wp-block-button__link has-black-color has-cyan-bluish-gray-background-color has-text-color has-background wp-element-button\" href=\"https:\/\/xn--tauernhhenweg-omb.com\/?p=465\">Neue Leitung im NP Hohe Tauern<\/a><\/div>\n\n\n\n<div class=\"wp-block-button\"><a class=\"wp-block-button__link has-black-color has-cyan-bluish-gray-background-color has-text-color has-background wp-element-button\" href=\"https:\/\/xn--tauernhhenweg-omb.com\/?p=438\">Spuren des Klimawandels<\/a><\/div>\n\n\n\n<div class=\"wp-block-button\"><a class=\"wp-block-button__link has-black-color has-cyan-bluish-gray-background-color has-text-color has-background wp-element-button\" href=\"https:\/\/xn--tauernhhenweg-omb.com\/?p=444\">Hagener H\u00fctte stellt sich vor<\/a><\/div>\n\n\n\n<div class=\"wp-block-button\"><a class=\"wp-block-button__link has-black-color has-cyan-bluish-gray-background-color has-text-color has-background wp-element-button\" href=\"https:\/\/xn--tauernhhenweg-omb.com\/?p=441\">Unterst\u00fctzung durch die Ankogelbahn<\/a><\/div>\n\n\n\n<div class=\"wp-block-button\"><a class=\"wp-block-button__link has-black-color has-cyan-bluish-gray-background-color has-text-color has-background wp-element-button\" href=\"https:\/\/xn--tauernhhenweg-omb.com\/?p=102\">Willkommen<\/a><\/div>\n<\/div>\n\n\n\n<div style=\"height:100px\" aria-hidden=\"true\" class=\"wp-block-spacer\"><\/div>\n","protected":false},"excerpt":{"rendered":"<p>ARTIKEL.BEITR\u00c4GE.NEUIGKEITEN. Neu.Gemacht. Alt ist gut? Neu ist besser &#8230; Das denken wir uns zumindest und \u00fcberarbeiten aktuell die Website des Interessenverbands Tauernh\u00f6henweg. Zuk\u00fcnftig entsteht hier eure Informationsquelle f\u00fcr alles, das ihr f\u00fcr eine Begehung des Tauernh\u00f6henwegs oder einen Besuch auf einer unserer H\u00fctten wissen m\u00fcsst. Also schaut euch um, es kommen nach und nach immer &hellip; <\/p>\n<p class=\"link-more\"><a href=\"https:\/\/xn--tauernhhenweg-omb.com\/?page_id=63\" class=\"more-link\">Mehr <span class=\"screen-reader-text\">\u00fcber &#8222;News.&#8220; <\/span>Lesen<\/a><\/p>\n","protected":false},"author":3,"featured_media":458,"parent":0,"menu_order":0,"comment_status":"closed","ping_status":"closed","template":"","meta":{"inspiro_hide_title":false,"footnotes":""},"class_list":["post-63","page","type-page","status-publish","has-post-thumbnail","hentry"],"_links":{"self":[{"href":"https:\/\/xn--tauernhhenweg-omb.com\/index.php?rest_route=\/wp\/v2\/pages\/63","targetHints":{"allow":["GET"]}}],"collection":[{"href":"https:\/\/xn--tauernhhenweg-omb.com\/index.php?rest_route=\/wp\/v2\/pages"}],"about":[{"href":"https:\/\/xn--tauernhhenweg-omb.com\/index.php?rest_route=\/wp\/v2\/types\/page"}],"author":[{"embeddable":true,"href":"https:\/\/xn--tauernhhenweg-omb.com\/index.php?rest_route=\/wp\/v2\/users\/3"}],"replies":[{"embeddable":true,"href":"https:\/\/xn--tauernhhenweg-omb.com\/index.php?rest_route=%2Fwp%2Fv2%2Fcomments&post=63"}],"version-history":[{"count":50,"href":"https:\/\/xn--tauernhhenweg-omb.com\/index.php?rest_route=\/wp\/v2\/pages\/63\/revisions"}],"predecessor-version":[{"id":1379,"href":"https:\/\/xn--tauernhhenweg-omb.com\/index.php?rest_route=\/wp\/v2\/pages\/63\/revisions\/1379"}],"wp:featuredmedia":[{"embeddable":true,"href":"https:\/\/xn--tauernhhenweg-omb.com\/index.php?rest_route=\/wp\/v2\/media\/458"}],"wp:attachment":[{"href":"https:\/\/xn--tauernhhenweg-omb.com\/index.php?rest_route=%2Fwp%2Fv2%2Fmedia&parent=63"}],"curies":[{"name":"wp","href":"https:\/\/api.w.org\/{rel}","templated":true}]}}