{"id":691,"date":"2023-05-17T09:18:16","date_gmt":"2023-05-17T09:18:16","guid":{"rendered":"https:\/\/xn--tauernhhenweg-omb.com\/?page_id=691"},"modified":"2025-05-13T08:57:23","modified_gmt":"2025-05-13T08:57:23","slug":"wegepunkt-13-unterm-schoenbretterkopf-2-284m","status":"publish","type":"page","link":"https:\/\/xn--tauernhhenweg-omb.com\/?page_id=691","title":{"rendered":"13: Unterm Sch\u00f6nbretterkopf (2.284m)"},"content":{"rendered":"\n<p class=\"has-light-green-cyan-background-color has-background\"><strong>N\u00e4chstgelegene H\u00dcTTE(N):<\/strong>&nbsp;<strong>Mindener H\u00fctte<\/strong> in s\u00fcdwestlicher Richtung <em>(ca. 2,0 Std. Gehzeit, schwarz)<\/em>, <strong>Hagener H\u00fctte<\/strong>&nbsp;in s\u00fcdwestlicher, dann westlicher Richtung&nbsp;<em>(ca. 5,5 Std. Gehzeit, schwarz)<\/em>,&nbsp;<strong>Hannoverhaus<\/strong>&nbsp;in \u00f6stlicher Richtung&nbsp;<em>(ca. 3,0 Std. Gehzeit, rot)<\/em><\/p>\n\n\n\n<div class=\"wp-block-buttons is-layout-flex wp-block-buttons-is-layout-flex\">\n<div class=\"wp-block-button\"><a class=\"wp-block-button__link has-black-color has-light-green-cyan-background-color has-text-color has-background wp-element-button\" href=\"https:\/\/www.alpenvereinaktiv.com\/de\/selbstversorgerhuette\/mindener-huette\/7026226\/\" target=\"_blank\" rel=\"noreferrer noopener\">Mindener H\u00fctte (2.428m)<\/a><\/div>\n\n\n\n<div class=\"wp-block-button\"><a class=\"wp-block-button__link has-black-color has-light-green-cyan-background-color has-text-color has-background wp-element-button\" href=\"https:\/\/www.alpenvereinaktiv.com\/de\/bewirtschaftete-huette\/hagener-huette\/6938585\/\" target=\"_blank\" rel=\"noreferrer noopener\">Hagener H\u00fctte (2.446m)<\/a><\/div>\n\n\n\n<div class=\"wp-block-button\"><a class=\"wp-block-button__link has-black-color has-light-green-cyan-background-color has-text-color has-background wp-element-button\" href=\"https:\/\/www.alpenvereinaktiv.com\/de\/bewirtschaftete-huette\/hannoverhaus\/6938591\/\" target=\"_blank\" rel=\"noreferrer noopener\">Hannoverhaus (2.565m)<\/a><\/div>\n<\/div>\n\n\n\n<div style=\"height:25px\" aria-hidden=\"true\" class=\"wp-block-spacer\"><\/div>\n\n\n\n<p class=\"has-cyan-bluish-gray-background-color has-background\"><strong>N\u00e4chstgelegene(r) TALORT(E):<\/strong>&nbsp;<strong>Mallnitz<\/strong>&nbsp;in s\u00fcdlicher, dann s\u00fcdwestlicher Richtung&nbsp;<em>(ca. 4,5 Std. Gehzeit, rot)<\/em>,&nbsp;<strong>B\u00f6ckstein<\/strong>&nbsp;in nordwestlicher Richtung&nbsp;<em>(ca. 5,0 Std. Gehzeit, schwarz)<\/em><\/p>\n\n\n\n<div class=\"wp-block-buttons is-layout-flex wp-block-buttons-is-layout-flex\">\n<div class=\"wp-block-button\"><a class=\"wp-block-button__link has-black-color has-cyan-bluish-gray-background-color has-text-color has-background wp-element-button\" href=\"https:\/\/www.mallnitz.at\/\" target=\"_blank\" rel=\"noreferrer noopener\">Mallnitz (1.191m)<\/a><\/div>\n\n\n\n<div class=\"wp-block-button\"><a class=\"wp-block-button__link has-black-color has-cyan-bluish-gray-background-color has-text-color has-background wp-element-button\" href=\"https:\/\/www.gasteinertal.com\/bad-gastein\/\" target=\"_blank\" rel=\"noreferrer noopener\">B\u00f6ckstein bei Bad Gatein (1.131m)<\/a><\/div>\n<\/div>\n\n\n\n<div style=\"height:25px\" aria-hidden=\"true\" class=\"wp-block-spacer\"><\/div>\n\n\n\n<p class=\"has-pale-cyan-blue-background-color has-background\"><strong>N\u00e4chstgelegene(n) \u00d6PNV-HALTESTELLE(N):<\/strong>&nbsp;<strong>Ankogelbahn-Mittelstation<\/strong>&nbsp;in s\u00fcd\u00f6stlicher Richtung&nbsp;<em>(ca. 2,0 Std. Gehzeit, rot)<\/em>,&nbsp;<strong>Ankogelbahn-Talstation<\/strong>&nbsp;in s\u00fcd\u00f6stlicher, dann s\u00fcdlicher Richtung&nbsp;<em>(ca. 3,5 Std. Gehzeit, rot)<\/em>,&nbsp;<strong>B\u00f6ckstein Bahnhof<\/strong>&nbsp;in nordwestlicher Richtung <em>(ca. 5,0 Std. Gehzeit, schwarz)<\/em><\/p>\n\n\n\n<div class=\"wp-block-buttons is-layout-flex wp-block-buttons-is-layout-flex\">\n<div class=\"wp-block-button\"><a class=\"wp-block-button__link has-black-color has-pale-cyan-blue-background-color has-text-color has-background wp-element-button\" href=\"https:\/\/www.ankogel-ski.at\/\" target=\"_blank\" rel=\"noreferrer noopener\">Ankogelbahn-Mittelstation (1.945m)<\/a><\/div>\n\n\n\n<div class=\"wp-block-button\"><a class=\"wp-block-button__link has-black-color has-pale-cyan-blue-background-color has-text-color has-background wp-element-button\" href=\"https:\/\/www.ankogel-ski.at\/\" target=\"_blank\" rel=\"noreferrer noopener\">Ankogelbahn-Bergstation (2.636m)<\/a><\/div>\n\n\n\n<div class=\"wp-block-button\"><a class=\"wp-block-button__link has-black-color has-pale-cyan-blue-background-color has-text-color has-background wp-element-button\" href=\"https:\/\/www.kaernten-bus.at\/download\/bus-5115-wanderbus-sommer-moelltaler-gletscher-obervellach-jamnigalm\/?wpdmdl=4417&amp;refresh=682306f642f171747126006\" target=\"_blank\" rel=\"noreferrer noopener\">Ankogelbahn-Talstation (1.287m)<\/a><\/div>\n\n\n\n<div class=\"wp-block-button\"><a class=\"wp-block-button__link has-black-color has-pale-cyan-blue-background-color has-text-color has-background wp-element-button\" href=\"https:\/\/salzburg-verkehr.at\/downloads\/regionalbus-550-st-johann-schwarzach-lend-dorfgastein-bad-hofgastein-bad-gastein-boeckstein\/\" target=\"_blank\" rel=\"noreferrer noopener\">B\u00f6ckstein Bahnhof (1.180m)<\/a><\/div>\n<\/div>\n\n\n\n<div style=\"height:26px\" aria-hidden=\"true\" class=\"wp-block-spacer\"><\/div>\n","protected":false},"excerpt":{"rendered":"<p>N\u00e4chstgelegene H\u00dcTTE(N):&nbsp;Mindener H\u00fctte in s\u00fcdwestlicher Richtung (ca. 2,0 Std. Gehzeit, schwarz), Hagener H\u00fctte&nbsp;in s\u00fcdwestlicher, dann westlicher Richtung&nbsp;(ca. 5,5 Std. Gehzeit, schwarz),&nbsp;Hannoverhaus&nbsp;in \u00f6stlicher Richtung&nbsp;(ca. 3,0 Std. Gehzeit, rot) N\u00e4chstgelegene(r) TALORT(E):&nbsp;Mallnitz&nbsp;in s\u00fcdlicher, dann s\u00fcdwestlicher Richtung&nbsp;(ca. 4,5 Std. Gehzeit, rot),&nbsp;B\u00f6ckstein&nbsp;in nordwestlicher Richtung&nbsp;(ca. 5,0 Std. Gehzeit, schwarz) N\u00e4chstgelegene(n) \u00d6PNV-HALTESTELLE(N):&nbsp;Ankogelbahn-Mittelstation&nbsp;in s\u00fcd\u00f6stlicher Richtung&nbsp;(ca. 2,0 Std. Gehzeit, rot),&nbsp;Ankogelbahn-Talstation&nbsp;in s\u00fcd\u00f6stlicher, dann s\u00fcdlicher Richtung&nbsp;(ca. &hellip; <\/p>\n<p class=\"link-more\"><a href=\"https:\/\/xn--tauernhhenweg-omb.com\/?page_id=691\" class=\"more-link\">Mehr <span class=\"screen-reader-text\">\u00fcber &#8222;13: Unterm Sch\u00f6nbretterkopf (2.284m)&#8220; <\/span>Lesen<\/a><\/p>\n","protected":false},"author":1,"featured_media":692,"parent":167,"menu_order":13,"comment_status":"open","ping_status":"closed","template":"","meta":{"inspiro_hide_title":false,"footnotes":""},"class_list":["post-691","page","type-page","status-publish","has-post-thumbnail","hentry"],"_links":{"self":[{"href":"https:\/\/xn--tauernhhenweg-omb.com\/index.php?rest_route=\/wp\/v2\/pages\/691","targetHints":{"allow":["GET"]}}],"collection":[{"href":"https:\/\/xn--tauernhhenweg-omb.com\/index.php?rest_route=\/wp\/v2\/pages"}],"about":[{"href":"https:\/\/xn--tauernhhenweg-omb.com\/index.php?rest_route=\/wp\/v2\/types\/page"}],"author":[{"embeddable":true,"href":"https:\/\/xn--tauernhhenweg-omb.com\/index.php?rest_route=\/wp\/v2\/users\/1"}],"replies":[{"embeddable":true,"href":"https:\/\/xn--tauernhhenweg-omb.com\/index.php?rest_route=%2Fwp%2Fv2%2Fcomments&post=691"}],"version-history":[{"count":6,"href":"https:\/\/xn--tauernhhenweg-omb.com\/index.php?rest_route=\/wp\/v2\/pages\/691\/revisions"}],"predecessor-version":[{"id":1288,"href":"https:\/\/xn--tauernhhenweg-omb.com\/index.php?rest_route=\/wp\/v2\/pages\/691\/revisions\/1288"}],"up":[{"embeddable":true,"href":"https:\/\/xn--tauernhhenweg-omb.com\/index.php?rest_route=\/wp\/v2\/pages\/167"}],"wp:featuredmedia":[{"embeddable":true,"href":"https:\/\/xn--tauernhhenweg-omb.com\/index.php?rest_route=\/wp\/v2\/media\/692"}],"wp:attachment":[{"href":"https:\/\/xn--tauernhhenweg-omb.com\/index.php?rest_route=%2Fwp%2Fv2%2Fmedia&parent=691"}],"curies":[{"name":"wp","href":"https:\/\/api.w.org\/{rel}","templated":true}]}}