{"id":709,"date":"2023-05-17T13:18:51","date_gmt":"2023-05-17T13:18:51","guid":{"rendered":"https:\/\/xn--tauernhhenweg-omb.com\/?page_id=709"},"modified":"2025-05-13T09:10:32","modified_gmt":"2025-05-13T09:10:32","slug":"wegepunkt-16-fallboden-2-334m","status":"publish","type":"page","link":"https:\/\/xn--tauernhhenweg-omb.com\/?page_id=709","title":{"rendered":"16: Fallboden (2.334m)"},"content":{"rendered":"\n<p class=\"has-light-green-cyan-background-color has-background\"><strong>N\u00e4chstgelegene H\u00dcTTE(N):<\/strong>&nbsp;<strong>Hannoverhaus<\/strong>&nbsp;in westlicher Richtung&nbsp;<em>(ca. 5,0 Std. Gehzeit, schwarz)<\/em>,&nbsp;<strong>Celler H\u00fctte<\/strong>&nbsp;in westlicher, dann s\u00fcds\u00fcd\u00f6stlicher Richtung&nbsp;<em>(ca. 4,5 Std. Gehzeit, schwarz)<\/em>,&nbsp;<strong>Gie\u00dfener H\u00fctte<\/strong>&nbsp;in westlicher, dann s\u00fcd\u00f6stlicher Richtung&nbsp;<em>(ca. 8,0 Std. Gehzeit, schwarz)<\/em>,&nbsp;<strong>Osnabr\u00fccker H\u00fctte<\/strong>&nbsp;in \u00f6stlicher Richtung&nbsp;<em>(ca. 1,5 Std. Gehzeit, rot)<\/em><\/p>\n\n\n\n<div class=\"wp-block-buttons is-layout-flex wp-block-buttons-is-layout-flex\">\n<div class=\"wp-block-button\"><a class=\"wp-block-button__link has-black-color has-light-green-cyan-background-color has-text-color has-background wp-element-button\" href=\"https:\/\/www.alpenvereinaktiv.com\/de\/bewirtschaftete-huette\/hannoverhaus\/6938591\/\" target=\"_blank\" rel=\"noreferrer noopener\">Hannoverhaus (2.565m)<\/a><\/div>\n\n\n\n<div class=\"wp-block-button\"><a class=\"wp-block-button__link has-black-color has-light-green-cyan-background-color has-text-color has-background wp-element-button\" href=\"https:\/\/www.alpenvereinaktiv.com\/de\/selbstversorgerhuette\/celler-huette\/6938747\/\" target=\"_blank\" rel=\"noreferrer noopener\">Celler H\u00fctte (2.240m)<\/a><\/div>\n\n\n\n<div class=\"wp-block-button\"><a class=\"wp-block-button__link has-black-color has-light-green-cyan-background-color has-text-color has-background wp-element-button\" href=\"https:\/\/www.alpenvereinaktiv.com\/de\/bewirtschaftete-huette\/giessener-huette\/7026192\/\" target=\"_blank\" rel=\"noreferrer noopener\">Gie\u00dfener H\u00fctte (2.215m)<\/a><\/div>\n\n\n\n<div class=\"wp-block-button\"><a class=\"wp-block-button__link has-black-color has-light-green-cyan-background-color has-text-color has-background wp-element-button\" href=\"https:\/\/www.alpenvereinaktiv.com\/de\/bewirtschaftete-huette\/osnabruecker-huette\/6938666\/\" target=\"_blank\" rel=\"noreferrer noopener\">Osnabr\u00fccker H\u00fctte (2.022m)<\/a><\/div>\n<\/div>\n\n\n\n<div style=\"height:25px\" aria-hidden=\"true\" class=\"wp-block-spacer\"><\/div>\n\n\n\n<p class=\"has-cyan-bluish-gray-background-color has-background\"><strong>N\u00e4chstgelegene(r) TALORT(E):<\/strong>&nbsp;<strong>Mallnitz<\/strong>&nbsp;in westlicher, dann s\u00fcdlicher und s\u00fcdwestlicher Richtung&nbsp;<em>(ca. 7,0 Std. Gehzeit, rot)<\/em>,&nbsp;<strong>Malta<\/strong>&nbsp;in \u00f6stlicher, dann nord\u00f6stlicher und s\u00fcd\u00f6stlicher Richtung&nbsp;<em>(ca. 8,0 Std. Gehzeit, rot)<\/em><\/p>\n\n\n\n<div class=\"wp-block-buttons is-layout-flex wp-block-buttons-is-layout-flex\">\n<div class=\"wp-block-button\"><a class=\"wp-block-button__link has-black-color has-cyan-bluish-gray-background-color has-text-color has-background wp-element-button\" href=\"https:\/\/www.mallnitz.at\/\" target=\"_blank\" rel=\"noreferrer noopener\">Mallnitz (1.191m)<\/a><\/div>\n\n\n\n<div class=\"wp-block-button\"><a class=\"wp-block-button__link has-black-color has-cyan-bluish-gray-background-color has-text-color has-background wp-element-button\" href=\"https:\/\/www.maltatal.com\/\" target=\"_blank\" rel=\"noreferrer noopener\">Malta (834m)<\/a><\/div>\n<\/div>\n\n\n\n<div style=\"height:25px\" aria-hidden=\"true\" class=\"wp-block-spacer\"><\/div>\n\n\n\n<p class=\"has-pale-cyan-blue-background-color has-background\"><strong>N\u00e4chstgelegene(n) \u00d6PNV-HALTESTELLE(N):<\/strong>&nbsp;<strong>Ankogelbahn-Talstation<\/strong>&nbsp;in westlicher, dann s\u00fcdlicher und s\u00fcdwestlicher Richtung&nbsp;<em>(ca. 6,5 Std. Gehzeit, schwarz)<\/em>,&nbsp;<strong>Malta-K\u00f6lnbreinsperre<\/strong>&nbsp;in \u00f6stlicher, dann nord\u00f6stlicher Richtung&nbsp;<em>(ca. 4,0 Std. Gehzeit, rot)<\/em><\/p>\n\n\n\n<div class=\"wp-block-buttons is-layout-flex wp-block-buttons-is-layout-flex\">\n<div class=\"wp-block-button\"><a class=\"wp-block-button__link has-black-color has-pale-cyan-blue-background-color has-text-color has-background wp-element-button\" href=\"https:\/\/www.kaernten-bus.at\/download\/bus-5115-wanderbus-sommer-moelltaler-gletscher-obervellach-jamnigalm\/?wpdmdl=4417&amp;refresh=682306f642f171747126006\" target=\"_blank\" rel=\"noreferrer noopener\">Ankogelbahn-Talstation (1.287m)<\/a><\/div>\n\n\n\n<div class=\"wp-block-button\"><a class=\"wp-block-button__link has-black-color has-pale-cyan-blue-background-color has-text-color has-background wp-element-button\" href=\"https:\/\/www.rufbus.at\/wp-content\/uploads\/2022\/06\/Rufbusfahrplan-Gmuend-Koelnbreinsperre.pdf\" target=\"_blank\" rel=\"noreferrer noopener\">Malta-K\u00f6lnbreinsperre (1.933m)<\/a><\/div>\n<\/div>\n\n\n\n<div style=\"height:25px\" aria-hidden=\"true\" class=\"wp-block-spacer\"><\/div>\n","protected":false},"excerpt":{"rendered":"<p>N\u00e4chstgelegene H\u00dcTTE(N):&nbsp;Hannoverhaus&nbsp;in westlicher Richtung&nbsp;(ca. 5,0 Std. Gehzeit, schwarz),&nbsp;Celler H\u00fctte&nbsp;in westlicher, dann s\u00fcds\u00fcd\u00f6stlicher Richtung&nbsp;(ca. 4,5 Std. Gehzeit, schwarz),&nbsp;Gie\u00dfener H\u00fctte&nbsp;in westlicher, dann s\u00fcd\u00f6stlicher Richtung&nbsp;(ca. 8,0 Std. Gehzeit, schwarz),&nbsp;Osnabr\u00fccker H\u00fctte&nbsp;in \u00f6stlicher Richtung&nbsp;(ca. 1,5 Std. Gehzeit, rot) N\u00e4chstgelegene(r) TALORT(E):&nbsp;Mallnitz&nbsp;in westlicher, dann s\u00fcdlicher und s\u00fcdwestlicher Richtung&nbsp;(ca. 7,0 Std. Gehzeit, rot),&nbsp;Malta&nbsp;in \u00f6stlicher, dann nord\u00f6stlicher und s\u00fcd\u00f6stlicher Richtung&nbsp;(ca. 8,0 Std. Gehzeit, rot) &hellip; <\/p>\n<p class=\"link-more\"><a href=\"https:\/\/xn--tauernhhenweg-omb.com\/?page_id=709\" class=\"more-link\">Mehr <span class=\"screen-reader-text\">\u00fcber &#8222;16: Fallboden (2.334m)&#8220; <\/span>Lesen<\/a><\/p>\n","protected":false},"author":1,"featured_media":710,"parent":167,"menu_order":16,"comment_status":"open","ping_status":"closed","template":"","meta":{"inspiro_hide_title":false,"footnotes":""},"class_list":["post-709","page","type-page","status-publish","has-post-thumbnail","hentry"],"_links":{"self":[{"href":"https:\/\/xn--tauernhhenweg-omb.com\/index.php?rest_route=\/wp\/v2\/pages\/709","targetHints":{"allow":["GET"]}}],"collection":[{"href":"https:\/\/xn--tauernhhenweg-omb.com\/index.php?rest_route=\/wp\/v2\/pages"}],"about":[{"href":"https:\/\/xn--tauernhhenweg-omb.com\/index.php?rest_route=\/wp\/v2\/types\/page"}],"author":[{"embeddable":true,"href":"https:\/\/xn--tauernhhenweg-omb.com\/index.php?rest_route=\/wp\/v2\/users\/1"}],"replies":[{"embeddable":true,"href":"https:\/\/xn--tauernhhenweg-omb.com\/index.php?rest_route=%2Fwp%2Fv2%2Fcomments&post=709"}],"version-history":[{"count":4,"href":"https:\/\/xn--tauernhhenweg-omb.com\/index.php?rest_route=\/wp\/v2\/pages\/709\/revisions"}],"predecessor-version":[{"id":1294,"href":"https:\/\/xn--tauernhhenweg-omb.com\/index.php?rest_route=\/wp\/v2\/pages\/709\/revisions\/1294"}],"up":[{"embeddable":true,"href":"https:\/\/xn--tauernhhenweg-omb.com\/index.php?rest_route=\/wp\/v2\/pages\/167"}],"wp:featuredmedia":[{"embeddable":true,"href":"https:\/\/xn--tauernhhenweg-omb.com\/index.php?rest_route=\/wp\/v2\/media\/710"}],"wp:attachment":[{"href":"https:\/\/xn--tauernhhenweg-omb.com\/index.php?rest_route=%2Fwp%2Fv2%2Fmedia&parent=709"}],"curies":[{"name":"wp","href":"https:\/\/api.w.org\/{rel}","templated":true}]}}