{"id":719,"date":"2023-05-17T16:20:10","date_gmt":"2023-05-17T16:20:10","guid":{"rendered":"https:\/\/xn--tauernhhenweg-omb.com\/?page_id=719"},"modified":"2025-05-13T09:18:22","modified_gmt":"2025-05-13T09:18:22","slug":"wegepunkt-18-kleinelendbruecke-1-917m","status":"publish","type":"page","link":"https:\/\/xn--tauernhhenweg-omb.com\/?page_id=719","title":{"rendered":"18: Kleinelendbr\u00fccke (1.917m)"},"content":{"rendered":"\n<p class=\"has-light-green-cyan-background-color has-background\"><strong>N\u00e4chstgelegene H\u00dcTTE(N):<\/strong>&nbsp;<strong>Osnabr\u00fccker H\u00fctte<\/strong>&nbsp;in s\u00fcdwestlicher Richtung&nbsp;<em>(ca. 1,5 Std. Gehzeit, rot)<\/em>,&nbsp;<strong>Celler H\u00fctte<\/strong>&nbsp;in s\u00fcdwestlicher, dann westlicher und s\u00fcdlicher Richtung&nbsp;<em>(ca. 7,5 Std. Gehzeit, schwarz)<\/em>,&nbsp;<strong>Gie\u00dfener H\u00fctte<\/strong>&nbsp;in s\u00fcdwestlicher, dann s\u00fcdlicher Richtung&nbsp;<em>(ca. 6,5 Std. Gehzeit, schwarz)<\/em>,&nbsp;<strong>Villacher H\u00fctte<\/strong> in s\u00fcdwestlicher und s\u00fcdlicher, dann \u00f6stlicher Richtung <em>(ca. 7,5 Std. Gehzeit, schwarz)<\/em>, <strong>Kattowitzer H\u00fctte<\/strong>&nbsp;in \u00f6stlicher, dann s\u00fcd\u00f6stlicher Richtung&nbsp;<em>(ca. 3,0 Std. Gehzeit, rot)<\/em>, <strong>Gm\u00fcnder H\u00fctte<\/strong> in \u00f6stlicher, dann s\u00fcd\u00f6stlicher und s\u00fcdwestlicher Richtung <em>(ca. 8,0 Std. Gehzeit, rot)<\/em><\/p>\n\n\n\n<div class=\"wp-block-buttons is-layout-flex wp-block-buttons-is-layout-flex\">\n<div class=\"wp-block-button\"><a class=\"wp-block-button__link has-black-color has-light-green-cyan-background-color has-text-color has-background wp-element-button\" href=\"https:\/\/www.alpenvereinaktiv.com\/de\/bewirtschaftete-huette\/osnabruecker-huette\/6938666\/\" target=\"_blank\" rel=\"noreferrer noopener\">Osnabr\u00fccker H\u00fctte (2.022m)<\/a><\/div>\n\n\n\n<div class=\"wp-block-button\"><a class=\"wp-block-button__link has-black-color has-light-green-cyan-background-color has-text-color has-background wp-element-button\" href=\"https:\/\/www.alpenvereinaktiv.com\/de\/selbstversorgerhuette\/celler-huette\/6938747\/\" target=\"_blank\" rel=\"noreferrer noopener\">Celler H\u00fctte (2.240m)<\/a><\/div>\n\n\n\n<div class=\"wp-block-button\"><a class=\"wp-block-button__link has-black-color has-light-green-cyan-background-color has-text-color has-background wp-element-button\" href=\"https:\/\/www.alpenvereinaktiv.com\/de\/bewirtschaftete-huette\/giessener-huette\/7026192\/\" target=\"_blank\" rel=\"noreferrer noopener\">Gie\u00dfener H\u00fctte (2.215m)<\/a><\/div>\n\n\n\n<div class=\"wp-block-button\"><a class=\"wp-block-button__link has-black-color has-light-green-cyan-background-color has-text-color has-background wp-element-button\" href=\"https:\/\/www.alpenvereinaktiv.com\/de\/selbstversorgerhuette\/villacher-huette\/6938455\/\" target=\"_blank\" rel=\"noreferrer noopener\">Villacher H\u00fctte (2.194m)<\/a><\/div>\n\n\n\n<div class=\"wp-block-button\"><a class=\"wp-block-button__link has-black-color has-light-green-cyan-background-color has-text-color has-background wp-element-button\" href=\"https:\/\/www.alpenvereinaktiv.com\/de\/bewirtschaftete-huette\/kattowitzer-huette\/7026203\/\" target=\"_blank\" rel=\"noreferrer noopener\">Kattowitzer H\u00fctte<\/a><\/div>\n\n\n\n<div class=\"wp-block-button\"><a class=\"wp-block-button__link has-black-color has-light-green-cyan-background-color has-text-color has-background wp-element-button\" href=\"https:\/\/www.alpenverein.at\/gmuenderhuette\/\" target=\"_blank\" rel=\"noreferrer noopener\">Gm\u00fcnder H\u00fctte (1.186m)<\/a><\/div>\n<\/div>\n\n\n\n<div style=\"height:25px\" aria-hidden=\"true\" class=\"wp-block-spacer\"><\/div>\n\n\n\n<p class=\"has-cyan-bluish-gray-background-color has-background\"><strong>N\u00e4chstgelegene(r) TALORT(E):<\/strong>&nbsp;<strong>Malta<\/strong>&nbsp;in nord\u00f6stlicher und s\u00fcd\u00f6stlicher Richtung&nbsp;<em>(ca. 5,0 Std. Gehzeit, rot)<\/em>,&nbsp;<strong>Bad Gastein<\/strong> in nordwestlicher Richtung <em>(ca. 8,0 Std. Gehzeit, rot)<\/em>, <strong>H\u00fcttschlag<\/strong>&nbsp;in nord\u00f6stlicher, dann n\u00f6rdlicher und nordwestlicher Richtung&nbsp;<em>(ca. 7,5 Std. Gehzeit, rot)<\/em><\/p>\n\n\n\n<div class=\"wp-block-buttons is-layout-flex wp-block-buttons-is-layout-flex\">\n<div class=\"wp-block-button\"><a class=\"wp-block-button__link has-black-color has-cyan-bluish-gray-background-color has-text-color has-background wp-element-button\" href=\"https:\/\/www.maltatal.com\/\" target=\"_blank\" rel=\"noreferrer noopener\">Malta (834m)<\/a><\/div>\n\n\n\n<div class=\"wp-block-button\"><a class=\"wp-block-button__link has-black-color has-cyan-bluish-gray-background-color has-text-color has-background wp-element-button\" href=\"https:\/\/www.gastein.com\/gastein\/gasteinertal\/bad-gastein\/\" target=\"_blank\" rel=\"noreferrer noopener\">Bad Gastein (1.002m)<\/a><\/div>\n\n\n\n<div class=\"wp-block-button\"><a class=\"wp-block-button__link has-black-color has-cyan-bluish-gray-background-color has-text-color has-background wp-element-button\" href=\"https:\/\/www.grossarltal.info\/de\/urlaub\/grossarltal\/huettschlag.html\" target=\"_blank\" rel=\"noreferrer noopener\">H\u00fcttschlag (1.020m)<\/a><\/div>\n<\/div>\n\n\n\n<div style=\"height:25px\" aria-hidden=\"true\" class=\"wp-block-spacer\"><\/div>\n\n\n\n<p class=\"has-pale-cyan-blue-background-color has-background\"><strong>N\u00e4chstgelegene(n) \u00d6PNV-HALTESTELLE(N):<\/strong>&nbsp;<strong>Malta-K\u00f6lnbreinsperre<\/strong>&nbsp;in \u00f6stlicher, dann nord\u00f6stlicher Richtung&nbsp;<em>(ca. 1,0 Std. Gehzeit, blau)<\/em>,&nbsp;<strong>H\u00fcttschlag-Talschluss<\/strong>&nbsp;in nord\u00f6stlicher, dann s\u00fcdlicher und s\u00fcdwestlicher Richtung <em>(ca. 5,0 Std. Gehzeit, rot)<\/em>, <strong>Bad Gastein-Gr\u00fcner Baum<\/strong> in s\u00fcdwestlicher Richtung <em>(ca. 6,5 Std. Gehzeit, rot)<\/em><\/p>\n\n\n\n<div class=\"wp-block-buttons is-layout-flex wp-block-buttons-is-layout-flex\">\n<div class=\"wp-block-button\"><a class=\"wp-block-button__link has-black-color has-pale-cyan-blue-background-color has-text-color has-background wp-element-button\" href=\"https:\/\/www.rufbus.at\/wp-content\/uploads\/2022\/06\/Rufbusfahrplan-Gmuend-Koelnbreinsperre.pdf\" target=\"_blank\" rel=\"noreferrer noopener\">Malta-K\u00f6lnbreinsperre (1.933m)<\/a><\/div>\n\n\n\n<div class=\"wp-block-button\"><a class=\"wp-block-button__link has-black-color has-pale-cyan-blue-background-color has-text-color has-background wp-element-button\" href=\"https:\/\/salzburg-verkehr.at\/downloads\/regionalbus-540-st-johann-grossarl-huettschlag-stockham\/\" target=\"_blank\" rel=\"noreferrer noopener\">H\u00fcttschlag-Talschluss (1.048m)<\/a><\/div>\n\n\n\n<div class=\"wp-block-button\"><a class=\"wp-block-button__link has-black-color has-pale-cyan-blue-background-color has-text-color has-background wp-element-button\" href=\"https:\/\/salzburg-verkehr.at\/downloads\/regionalbus-555-ortsverkehr-boeckstein-bad-gastein-bad-hofgastein-2\/\" target=\"_blank\" rel=\"noreferrer noopener\">Bad Gastein-Gr\u00fcner Baum (1.065m)<\/a><\/div>\n<\/div>\n\n\n\n<div style=\"height:25px\" aria-hidden=\"true\" class=\"wp-block-spacer\"><\/div>\n","protected":false},"excerpt":{"rendered":"<p>N\u00e4chstgelegene H\u00dcTTE(N):&nbsp;Osnabr\u00fccker H\u00fctte&nbsp;in s\u00fcdwestlicher Richtung&nbsp;(ca. 1,5 Std. Gehzeit, rot),&nbsp;Celler H\u00fctte&nbsp;in s\u00fcdwestlicher, dann westlicher und s\u00fcdlicher Richtung&nbsp;(ca. 7,5 Std. Gehzeit, schwarz),&nbsp;Gie\u00dfener H\u00fctte&nbsp;in s\u00fcdwestlicher, dann s\u00fcdlicher Richtung&nbsp;(ca. 6,5 Std. Gehzeit, schwarz),&nbsp;Villacher H\u00fctte in s\u00fcdwestlicher und s\u00fcdlicher, dann \u00f6stlicher Richtung (ca. 7,5 Std. Gehzeit, schwarz), Kattowitzer H\u00fctte&nbsp;in \u00f6stlicher, dann s\u00fcd\u00f6stlicher Richtung&nbsp;(ca. 3,0 Std. Gehzeit, rot), Gm\u00fcnder H\u00fctte in &hellip; <\/p>\n<p class=\"link-more\"><a href=\"https:\/\/xn--tauernhhenweg-omb.com\/?page_id=719\" class=\"more-link\">Mehr <span class=\"screen-reader-text\">\u00fcber &#8222;18: Kleinelendbr\u00fccke (1.917m)&#8220; <\/span>Lesen<\/a><\/p>\n","protected":false},"author":1,"featured_media":720,"parent":167,"menu_order":18,"comment_status":"open","ping_status":"closed","template":"","meta":{"inspiro_hide_title":false,"footnotes":""},"class_list":["post-719","page","type-page","status-publish","has-post-thumbnail","hentry"],"_links":{"self":[{"href":"https:\/\/xn--tauernhhenweg-omb.com\/index.php?rest_route=\/wp\/v2\/pages\/719","targetHints":{"allow":["GET"]}}],"collection":[{"href":"https:\/\/xn--tauernhhenweg-omb.com\/index.php?rest_route=\/wp\/v2\/pages"}],"about":[{"href":"https:\/\/xn--tauernhhenweg-omb.com\/index.php?rest_route=\/wp\/v2\/types\/page"}],"author":[{"embeddable":true,"href":"https:\/\/xn--tauernhhenweg-omb.com\/index.php?rest_route=\/wp\/v2\/users\/1"}],"replies":[{"embeddable":true,"href":"https:\/\/xn--tauernhhenweg-omb.com\/index.php?rest_route=%2Fwp%2Fv2%2Fcomments&post=719"}],"version-history":[{"count":9,"href":"https:\/\/xn--tauernhhenweg-omb.com\/index.php?rest_route=\/wp\/v2\/pages\/719\/revisions"}],"predecessor-version":[{"id":1298,"href":"https:\/\/xn--tauernhhenweg-omb.com\/index.php?rest_route=\/wp\/v2\/pages\/719\/revisions\/1298"}],"up":[{"embeddable":true,"href":"https:\/\/xn--tauernhhenweg-omb.com\/index.php?rest_route=\/wp\/v2\/pages\/167"}],"wp:featuredmedia":[{"embeddable":true,"href":"https:\/\/xn--tauernhhenweg-omb.com\/index.php?rest_route=\/wp\/v2\/media\/720"}],"wp:attachment":[{"href":"https:\/\/xn--tauernhhenweg-omb.com\/index.php?rest_route=%2Fwp%2Fv2%2Fmedia&parent=719"}],"curies":[{"name":"wp","href":"https:\/\/api.w.org\/{rel}","templated":true}]}}